{"id":1001,"date":"2025-01-08T10:17:36","date_gmt":"2025-01-08T09:17:36","guid":{"rendered":"https:\/\/www.domwest.com\/faq\/?page_id=1001"},"modified":"2025-02-12T09:27:29","modified_gmt":"2025-02-12T08:27:29","slug":"connecter-thunderbird-a-mon-agenda-en-ligne","status":"publish","type":"page","link":"https:\/\/www.domwest.com\/faq\/agenda-en-ligne\/connecter-thunderbird-a-mon-agenda-en-ligne\/","title":{"rendered":"Connecter Thunderbird \u00e0 mon agenda en ligne."},"content":{"rendered":"<p>Nous allons suivre pas \u00e0 pas la proc\u00e9dure pour configurer votre calendrier partag\u00e9 sur Thunderbird.<\/p>\n<h2><strong>1 &#8211; Si la barre de menus n&rsquo;est pas pr\u00e9sente, appuyez sur la touche \u00ab\u00a0Alt\u00a0\u00bb \u00e0 gauche de la barre d&rsquo;espace pour la faire apparaitre :<\/strong><\/h2>\n<p><img loading=\"lazy\" decoding=\"async\" class=\"alignnone size-medium wp-image-1008\" src=\"https:\/\/www.domwest.com\/faq\/wp-content\/uploads\/2025\/01\/DomWest_Thunderbird_calendrier_caldav-300x48.png\" alt=\"\" width=\"300\" height=\"48\" srcset=\"https:\/\/www.domwest.com\/faq\/wp-content\/uploads\/2025\/01\/DomWest_Thunderbird_calendrier_caldav-300x48.png 300w, https:\/\/www.domwest.com\/faq\/wp-content\/uploads\/2025\/01\/DomWest_Thunderbird_calendrier_caldav.png 538w\" sizes=\"auto, (max-width: 300px) 100vw, 300px\" \/><\/p>\n<p><img loading=\"lazy\" decoding=\"async\" class=\"alignnone size-medium wp-image-1011\" src=\"https:\/\/www.domwest.com\/faq\/wp-content\/uploads\/2025\/01\/DomWest_Thunderbird_calendrier_caldav_alt-300x105.png\" alt=\"\" width=\"300\" height=\"105\" srcset=\"https:\/\/www.domwest.com\/faq\/wp-content\/uploads\/2025\/01\/DomWest_Thunderbird_calendrier_caldav_alt-300x105.png 300w, https:\/\/www.domwest.com\/faq\/wp-content\/uploads\/2025\/01\/DomWest_Thunderbird_calendrier_caldav_alt.png 334w\" sizes=\"auto, (max-width: 300px) 100vw, 300px\" \/><\/p>\n<h2><strong>2 &#8211; Cliquez sur le menu \u00ab\u00a0Fichier\u00a0\u00bb, puis \u00ab\u00a0Nouveau\u00a0\u00bb et, enfin, \u00ab\u00a0Agenda\u00a0\u00bb<\/strong><\/h2>\n<p><img loading=\"lazy\" decoding=\"async\" class=\"alignnone size-medium wp-image-1016\" src=\"https:\/\/www.domwest.com\/faq\/wp-content\/uploads\/2025\/01\/DomWest_Thunderbird_calendrier_caldav_menu_agenda-300x163.png\" alt=\"\" width=\"300\" height=\"163\" srcset=\"https:\/\/www.domwest.com\/faq\/wp-content\/uploads\/2025\/01\/DomWest_Thunderbird_calendrier_caldav_menu_agenda-300x163.png 300w, https:\/\/www.domwest.com\/faq\/wp-content\/uploads\/2025\/01\/DomWest_Thunderbird_calendrier_caldav_menu_agenda.png 551w\" sizes=\"auto, (max-width: 300px) 100vw, 300px\" \/><\/p>\n<h2><strong>3 &#8211; S\u00e9lectionnez \u00ab\u00a0Sur le r\u00e9seau\u00a0\u00bb<\/strong><\/h2>\n<p><img loading=\"lazy\" decoding=\"async\" class=\"alignnone size-medium wp-image-1019\" src=\"https:\/\/www.domwest.com\/faq\/wp-content\/uploads\/2025\/01\/DomWest_Thunderbird_calendrier_caldav_menu_agenda_sur_le_reseau-300x246.png\" alt=\"\" width=\"300\" height=\"246\" srcset=\"https:\/\/www.domwest.com\/faq\/wp-content\/uploads\/2025\/01\/DomWest_Thunderbird_calendrier_caldav_menu_agenda_sur_le_reseau-300x246.png 300w, https:\/\/www.domwest.com\/faq\/wp-content\/uploads\/2025\/01\/DomWest_Thunderbird_calendrier_caldav_menu_agenda_sur_le_reseau.png 500w\" sizes=\"auto, (max-width: 300px) 100vw, 300px\" \/><\/p>\n<h2><strong>4 &#8211; S\u00e9lectionner \u00ab\u00a0CalDav\u00a0\u00bb, renseignez l&rsquo;adresse du calendrier en ligne et activez le mode hors connexion<\/strong><\/h2>\n<p><img loading=\"lazy\" decoding=\"async\" class=\"alignnone size-medium wp-image-1022\" src=\"https:\/\/www.domwest.com\/faq\/wp-content\/uploads\/2025\/01\/DomWest_Thunderbird_calendrier_caldav_nouveau-300x246.png\" alt=\"\" width=\"300\" height=\"246\" srcset=\"https:\/\/www.domwest.com\/faq\/wp-content\/uploads\/2025\/01\/DomWest_Thunderbird_calendrier_caldav_nouveau-300x246.png 300w, https:\/\/www.domwest.com\/faq\/wp-content\/uploads\/2025\/01\/DomWest_Thunderbird_calendrier_caldav_nouveau.png 500w\" sizes=\"auto, (max-width: 300px) 100vw, 300px\" \/><\/p>\n<p><em>L&rsquo;adresse compl\u00e8te du serveur est :\u00a0<strong>https:\/\/calendrier.domwest.net\/remote.php\/dav\/calendars\/votre_adresse_mail\/personal\/<\/strong> en prenant soin de remplacer votre_adresse_mail par la votre.<\/em><\/p>\n<h2><strong>5 &#8211; Donnez un nom \u00e0 ce calendrier (par exemple Cloud_DomWest) et indiquez l&rsquo;adresse mail \u00e0 associer.<\/strong><\/h2>\n<p><img loading=\"lazy\" decoding=\"async\" class=\"alignnone size-medium wp-image-1030\" src=\"https:\/\/www.domwest.com\/faq\/wp-content\/uploads\/2025\/02\/DomWest_Thunderbird_calendrier_caldav_nom-300x246.png\" alt=\"\" width=\"300\" height=\"246\" srcset=\"https:\/\/www.domwest.com\/faq\/wp-content\/uploads\/2025\/02\/DomWest_Thunderbird_calendrier_caldav_nom-300x246.png 300w, https:\/\/www.domwest.com\/faq\/wp-content\/uploads\/2025\/02\/DomWest_Thunderbird_calendrier_caldav_nom.png 498w\" sizes=\"auto, (max-width: 300px) 100vw, 300px\" \/><\/p>\n<h2><strong>6 &#8211; F\u00e9licitations, votre calendrier est configur\u00e9.<\/strong><\/h2>\n<p><img loading=\"lazy\" decoding=\"async\" class=\"alignnone size-medium wp-image-1033\" src=\"https:\/\/www.domwest.com\/faq\/wp-content\/uploads\/2025\/02\/DomWest_Thunderbird_calendrier_caldav_felicitations-300x246.png\" alt=\"\" width=\"300\" height=\"246\" srcset=\"https:\/\/www.domwest.com\/faq\/wp-content\/uploads\/2025\/02\/DomWest_Thunderbird_calendrier_caldav_felicitations-300x246.png 300w, https:\/\/www.domwest.com\/faq\/wp-content\/uploads\/2025\/02\/DomWest_Thunderbird_calendrier_caldav_felicitations.png 498w\" sizes=\"auto, (max-width: 300px) 100vw, 300px\" \/><\/p>\n<p>&nbsp;<\/p>\n<p><strong>Remarque &#8211; Si une authentification vous est demand\u00e9e, indiquez votre adresse mail et le mot de passe de la boite aux lettres rattach\u00e9e \u00e0 ce calendrier (\u00e9tape 5). Cocher la case \u00ab\u00a0Utiliser le gestionnaire&#8230;\u00a0\u00bb si vous souhaitez que Thunderbird retienne les param\u00e8tres lors de la prochaine demande d&rsquo;authentification.<\/strong><\/p>\n<p><img loading=\"lazy\" decoding=\"async\" class=\"alignnone size-medium wp-image-1036\" src=\"https:\/\/www.domwest.com\/faq\/wp-content\/uploads\/2025\/02\/DomWest_Thunderbird_calendrier_caldav_authent-300x98.png\" alt=\"\" width=\"300\" height=\"98\" srcset=\"https:\/\/www.domwest.com\/faq\/wp-content\/uploads\/2025\/02\/DomWest_Thunderbird_calendrier_caldav_authent-300x98.png 300w, https:\/\/www.domwest.com\/faq\/wp-content\/uploads\/2025\/02\/DomWest_Thunderbird_calendrier_caldav_authent.png 663w\" sizes=\"auto, (max-width: 300px) 100vw, 300px\" \/><\/p>\n<p>&nbsp;<\/p>\n<pre><em>Article en cours de r\u00e9daction<\/em><\/pre>\n","protected":false},"excerpt":{"rendered":"<p>Nous allons suivre pas \u00e0 pas la proc\u00e9dure pour configurer votre calendrier partag\u00e9 sur Thunderbird. 1 &#8211; Si la barre de menus n&rsquo;est pas pr\u00e9sente, appuyez sur la touche \u00ab\u00a0Alt\u00a0\u00bb \u00e0 gauche de la barre d&rsquo;espace pour la faire apparaitre : 2 &#8211; Cliquez sur le menu \u00ab\u00a0Fichier\u00a0\u00bb, puis \u00ab\u00a0Nouveau\u00a0\u00bb et, enfin, \u00ab\u00a0Agenda\u00a0\u00bb 3 &#8211; [&hellip;]<\/p>\n","protected":false},"author":2,"featured_media":0,"parent":766,"menu_order":0,"comment_status":"closed","ping_status":"closed","template":"","meta":{"footnotes":""},"class_list":["post-1001","page","type-page","status-publish","hentry"],"_links":{"self":[{"href":"https:\/\/www.domwest.com\/faq\/wp-json\/wp\/v2\/pages\/1001","targetHints":{"allow":["GET"]}}],"collection":[{"href":"https:\/\/www.domwest.com\/faq\/wp-json\/wp\/v2\/pages"}],"about":[{"href":"https:\/\/www.domwest.com\/faq\/wp-json\/wp\/v2\/types\/page"}],"author":[{"embeddable":true,"href":"https:\/\/www.domwest.com\/faq\/wp-json\/wp\/v2\/users\/2"}],"replies":[{"embeddable":true,"href":"https:\/\/www.domwest.com\/faq\/wp-json\/wp\/v2\/comments?post=1001"}],"version-history":[{"count":26,"href":"https:\/\/www.domwest.com\/faq\/wp-json\/wp\/v2\/pages\/1001\/revisions"}],"predecessor-version":[{"id":1037,"href":"https:\/\/www.domwest.com\/faq\/wp-json\/wp\/v2\/pages\/1001\/revisions\/1037"}],"up":[{"embeddable":true,"href":"https:\/\/www.domwest.com\/faq\/wp-json\/wp\/v2\/pages\/766"}],"wp:attachment":[{"href":"https:\/\/www.domwest.com\/faq\/wp-json\/wp\/v2\/media?parent=1001"}],"curies":[{"name":"wp","href":"https:\/\/api.w.org\/{rel}","templated":true}]}}