{"id":1038,"date":"2025-03-03T10:08:08","date_gmt":"2025-03-03T09:08:08","guid":{"rendered":"https:\/\/www.domwest.com\/faq\/?page_id=1038"},"modified":"2025-03-04T08:51:01","modified_gmt":"2025-03-04T07:51:01","slug":"connecter-mon-telephone-mobile-sous-android-a-mon-agenda-en-ligne","status":"publish","type":"page","link":"https:\/\/www.domwest.com\/faq\/agenda-en-ligne\/connecter-mon-telephone-mobile-sous-android-a-mon-agenda-en-ligne\/","title":{"rendered":"Connecter mon t\u00e9l\u00e9phone mobile sous Andro\u00efd \u00e0 mon agenda en ligne."},"content":{"rendered":"<p>Toutes les applis du Play Store g\u00e9rant les calendriers de type CalDav sont compatible avec notre solution d&rsquo;agenda. Pour les trouver, faites une recherche avec le mot cl\u00e9 \u00ab\u00a0CalDav\u00a0\u00bb.<\/p>\n<p>Dans cet tuto, nous configurerons l&rsquo;appli gratuite \u00ab\u00a0DAVx5\u00a0\u00bb. Voici la proc\u00e9dure \u00e0 suivre pour sa mise en place.<\/p>\n<h2><strong>1 &#8211; Allez dans le Play Store<\/strong><\/h2>\n<p><img loading=\"lazy\" decoding=\"async\" class=\"alignnone size-medium wp-image-1044\" src=\"https:\/\/www.domwest.com\/faq\/wp-content\/uploads\/2025\/03\/DomWest_Android_play_store-219x300.png\" alt=\"\" width=\"219\" height=\"300\" srcset=\"https:\/\/www.domwest.com\/faq\/wp-content\/uploads\/2025\/03\/DomWest_Android_play_store-219x300.png 219w, https:\/\/www.domwest.com\/faq\/wp-content\/uploads\/2025\/03\/DomWest_Android_play_store.png 236w\" sizes=\"auto, (max-width: 219px) 100vw, 219px\" \/><\/p>\n<h2><strong>2 &#8211; Dans la zone de recherche, saisissez caldav sync puis cliquez sur \u00ab\u00a0DAVx5\u00a0\u00bb dans la liste :<\/strong><\/h2>\n<p>&nbsp;<\/p>\n<p>&nbsp;<\/p>\n<p>&nbsp;<\/p>\n<pre>&lt;! Article en cours de r\u00e9daction !&gt;<\/pre>\n","protected":false},"excerpt":{"rendered":"<p>Toutes les applis du Play Store g\u00e9rant les calendriers de type CalDav sont compatible avec notre solution d&rsquo;agenda. Pour les trouver, faites une recherche avec le mot cl\u00e9 \u00ab\u00a0CalDav\u00a0\u00bb. Dans cet tuto, nous configurerons l&rsquo;appli gratuite \u00ab\u00a0DAVx5\u00a0\u00bb. Voici la proc\u00e9dure \u00e0 suivre pour sa mise en place. 1 &#8211; Allez dans le Play Store 2 [&hellip;]<\/p>\n","protected":false},"author":2,"featured_media":0,"parent":766,"menu_order":0,"comment_status":"closed","ping_status":"closed","template":"","meta":{"footnotes":""},"class_list":["post-1038","page","type-page","status-publish","hentry"],"_links":{"self":[{"href":"https:\/\/www.domwest.com\/faq\/wp-json\/wp\/v2\/pages\/1038","targetHints":{"allow":["GET"]}}],"collection":[{"href":"https:\/\/www.domwest.com\/faq\/wp-json\/wp\/v2\/pages"}],"about":[{"href":"https:\/\/www.domwest.com\/faq\/wp-json\/wp\/v2\/types\/page"}],"author":[{"embeddable":true,"href":"https:\/\/www.domwest.com\/faq\/wp-json\/wp\/v2\/users\/2"}],"replies":[{"embeddable":true,"href":"https:\/\/www.domwest.com\/faq\/wp-json\/wp\/v2\/comments?post=1038"}],"version-history":[{"count":9,"href":"https:\/\/www.domwest.com\/faq\/wp-json\/wp\/v2\/pages\/1038\/revisions"}],"predecessor-version":[{"id":1048,"href":"https:\/\/www.domwest.com\/faq\/wp-json\/wp\/v2\/pages\/1038\/revisions\/1048"}],"up":[{"embeddable":true,"href":"https:\/\/www.domwest.com\/faq\/wp-json\/wp\/v2\/pages\/766"}],"wp:attachment":[{"href":"https:\/\/www.domwest.com\/faq\/wp-json\/wp\/v2\/media?parent=1038"}],"curies":[{"name":"wp","href":"https:\/\/api.w.org\/{rel}","templated":true}]}}