{"id":123,"date":"2018-12-24T10:04:38","date_gmt":"2018-12-24T09:04:38","guid":{"rendered":"https:\/\/www.domwest.com\/faq\/?page_id=123"},"modified":"2023-12-20T14:59:15","modified_gmt":"2023-12-20T13:59:15","slug":"message_absence_autorepondeur","status":"publish","type":"page","link":"https:\/\/www.domwest.com\/faq\/messagerie\/message_absence_autorepondeur\/","title":{"rendered":"Message d&rsquo;absence ou de r\u00e9ponse automatique : l&rsquo;auto-r\u00e9pondeur"},"content":{"rendered":"<p>Le principe : lorsque vous recevez un mail, un mail automatique est envoy\u00e9 \u00e0 l&rsquo;exp\u00e9diteur lui confirmant la r\u00e9ception, l&rsquo;informant de votre absence, etc&#8230;<\/p>\n<p>Ce guide vous propose la proc\u00e9dure \u00e0 suivre par les d\u00e9tenteurs de boite aux lettres ( Chapitre 1 ) et celle destin\u00e9e aux administrateurs du nom de domaine ( Chapitre 2 ).<\/p>\n<h2>1 &#8211; Proc\u00e9dure pour les utilisateurs de boite aux lettres (adresse mail).<\/h2>\n<h3>1.1 Connectez-vous au webmail : <a href=\"https:\/\/webmail.domwest.net\" target=\"_blank\" rel=\"noopener\">https:\/\/webmail.domwest.net<\/a><\/h3>\n<h3>1.2 Identifiez-vous avec votre adresse mail et son mot de passe<\/h3>\n<p><img loading=\"lazy\" decoding=\"async\" class=\"alignnone size-medium wp-image-410\" src=\"https:\/\/www.domwest.com\/faq\/wp-content\/uploads\/2022\/07\/DomWest.com-Autorepondeur-authentification-webmail-297x300.png\" alt=\"\" width=\"297\" height=\"300\" srcset=\"https:\/\/www.domwest.com\/faq\/wp-content\/uploads\/2022\/07\/DomWest.com-Autorepondeur-authentification-webmail-297x300.png 297w, https:\/\/www.domwest.com\/faq\/wp-content\/uploads\/2022\/07\/DomWest.com-Autorepondeur-authentification-webmail.png 344w\" sizes=\"auto, (max-width: 297px) 100vw, 297px\" \/><\/p>\n<h3>1.3 Cliquez sur l&rsquo;ic\u00f4ne \u00ab\u00a0Param\u00e8tres\u00a0\u00bb<\/h3>\n<p><img loading=\"lazy\" decoding=\"async\" class=\"alignnone size-medium wp-image-413\" src=\"https:\/\/www.domwest.com\/faq\/wp-content\/uploads\/2022\/07\/DomWest.com-Autorepondeur-Menu-webmail-118x300.png\" alt=\"\" width=\"118\" height=\"300\" srcset=\"https:\/\/www.domwest.com\/faq\/wp-content\/uploads\/2022\/07\/DomWest.com-Autorepondeur-Menu-webmail-118x300.png 118w, https:\/\/www.domwest.com\/faq\/wp-content\/uploads\/2022\/07\/DomWest.com-Autorepondeur-Menu-webmail.png 151w\" sizes=\"auto, (max-width: 118px) 100vw, 118px\" \/><\/p>\n<h3>1.4 Cliquez sur \u00ab\u00a0R\u00e9pondeur automatique\u00a0\u00bb<\/h3>\n<p><img loading=\"lazy\" decoding=\"async\" class=\"alignnone size-full wp-image-415\" src=\"https:\/\/www.domwest.com\/faq\/wp-content\/uploads\/2022\/07\/DomWest.com-Autorepondeur-Menu-repondeur-automatique.png\" alt=\"\" width=\"289\" height=\"51\" \/><\/p>\n<h3>1.5 Renseignez toutes les zones du formulaire puis cliquez sur \u00ab\u00a0Enregistrer\u00a0\u00bb<\/h3>\n<p><img loading=\"lazy\" decoding=\"async\" class=\"alignnone size-medium wp-image-418\" src=\"https:\/\/www.domwest.com\/faq\/wp-content\/uploads\/2022\/07\/DomWest.com-Autorepondeur-Enregistrer-300x249.png\" alt=\"\" width=\"300\" height=\"249\" srcset=\"https:\/\/www.domwest.com\/faq\/wp-content\/uploads\/2022\/07\/DomWest.com-Autorepondeur-Enregistrer-300x249.png 300w, https:\/\/www.domwest.com\/faq\/wp-content\/uploads\/2022\/07\/DomWest.com-Autorepondeur-Enregistrer.png 732w\" sizes=\"auto, (max-width: 300px) 100vw, 300px\" \/><\/p>\n<p>A compter de maintenant, vos correspondants recevront votre message d\u00e8s qu&rsquo;ils vous adresseront un mail.<br \/>\nS&rsquo;il s&rsquo;agit d&rsquo;un message d&rsquo;absence, n&rsquo;oubliez pas de revenir au m\u00eame endroit pour le d\u00e9sactiver \u00e0 votre retour.<\/p>\n<h2>2 &#8211; Proc\u00e9dure pour les administrateurs du nom de domaine (zone client).<\/h2>\n<h3>2.1 Connectez-vous \u00e0 la <a title=\"Plateforme d'administration des solutions DomWest\" href=\"https:\/\/client.domwest.com\" target=\"_blank\" rel=\"noopener\">zone client<\/a> avec vos identifiants<\/h3>\n<p><img loading=\"lazy\" decoding=\"async\" class=\"alignnone size-medium wp-image-386\" src=\"https:\/\/www.domwest.com\/faq\/wp-content\/uploads\/2022\/07\/Authentification_compte_domwest-300x295.png\" alt=\"Authentification site client domwest\" width=\"300\" height=\"295\" srcset=\"https:\/\/www.domwest.com\/faq\/wp-content\/uploads\/2022\/07\/Authentification_compte_domwest-300x295.png 300w, https:\/\/www.domwest.com\/faq\/wp-content\/uploads\/2022\/07\/Authentification_compte_domwest.png 426w\" sizes=\"auto, (max-width: 300px) 100vw, 300px\" \/><\/p>\n<h3>2.2 Choisissez \u00ab\u00a0Boites aux lettres\u00a0\u00bb dans la cat\u00e9gorie \u00ab\u00a0Messagerie\u00a0\u00bb<\/h3>\n<p><img loading=\"lazy\" decoding=\"async\" class=\"alignnone size-full wp-image-389\" src=\"https:\/\/www.domwest.com\/faq\/wp-content\/uploads\/2022\/07\/Menu_Boites_aux_lettres.png\" alt=\"\" width=\"219\" height=\"196\" \/><\/p>\n<h3><em>2.3 Si vous poss\u00e9dez plusieurs noms de domaine<\/em><\/h3>\n<p><em>Choisissez celui sur laquelle vous souhaitez intervenir gr\u00e2ce \u00e0 <\/em><em>la liste en haute de l&rsquo;\u00e9cran.<br \/>\n<\/em><\/p>\n<p><img loading=\"lazy\" decoding=\"async\" class=\"alignnone size-medium wp-image-392\" src=\"https:\/\/www.domwest.com\/faq\/wp-content\/uploads\/2022\/07\/DomWest_choisissez_votre_nom_de_domaine-300x46.png\" alt=\"\" width=\"300\" height=\"46\" srcset=\"https:\/\/www.domwest.com\/faq\/wp-content\/uploads\/2022\/07\/DomWest_choisissez_votre_nom_de_domaine-300x46.png 300w, https:\/\/www.domwest.com\/faq\/wp-content\/uploads\/2022\/07\/DomWest_choisissez_votre_nom_de_domaine.png 455w\" sizes=\"auto, (max-width: 300px) 100vw, 300px\" \/><\/p>\n<h3>2.4 S\u00e9lectionnez la boite aux lettres souhait\u00e9e et cliquez sur modifier<\/h3>\n<p><img loading=\"lazy\" decoding=\"async\" class=\"alignnone size-medium wp-image-426\" src=\"https:\/\/www.domwest.com\/faq\/wp-content\/uploads\/2022\/08\/DomWest.com-Autorepondeur-Selection-boite-aux-lettres-300x88.png\" alt=\"\" width=\"300\" height=\"88\" srcset=\"https:\/\/www.domwest.com\/faq\/wp-content\/uploads\/2022\/08\/DomWest.com-Autorepondeur-Selection-boite-aux-lettres-300x88.png 300w, https:\/\/www.domwest.com\/faq\/wp-content\/uploads\/2022\/08\/DomWest.com-Autorepondeur-Selection-boite-aux-lettres-768x226.png 768w, https:\/\/www.domwest.com\/faq\/wp-content\/uploads\/2022\/08\/DomWest.com-Autorepondeur-Selection-boite-aux-lettres.png 987w\" sizes=\"auto, (max-width: 300px) 100vw, 300px\" \/><\/p>\n<h3>2.5 Cliquez sur \u00ab\u00a0Message d&rsquo;absence &amp; auto-r\u00e9pondeur\u00a0\u00bb<\/h3>\n<p><img loading=\"lazy\" decoding=\"async\" class=\"alignnone size-medium wp-image-428\" src=\"https:\/\/www.domwest.com\/faq\/wp-content\/uploads\/2022\/08\/DomWest.com-Autorepondeur-Selection-message-absence-300x56.png\" alt=\"\" width=\"300\" height=\"56\" srcset=\"https:\/\/www.domwest.com\/faq\/wp-content\/uploads\/2022\/08\/DomWest.com-Autorepondeur-Selection-message-absence-300x56.png 300w, https:\/\/www.domwest.com\/faq\/wp-content\/uploads\/2022\/08\/DomWest.com-Autorepondeur-Selection-message-absence-768x143.png 768w, https:\/\/www.domwest.com\/faq\/wp-content\/uploads\/2022\/08\/DomWest.com-Autorepondeur-Selection-message-absence.png 1016w\" sizes=\"auto, (max-width: 300px) 100vw, 300px\" \/><\/p>\n<h3>2.6 Renseignez le formulaire puis cliquez sur \u00ab\u00a0Enregistrer\u00a0\u00bb pour activer la fonctionnalit\u00e9<\/h3>\n<p><img loading=\"lazy\" decoding=\"async\" class=\"alignnone size-medium wp-image-430\" src=\"https:\/\/www.domwest.com\/faq\/wp-content\/uploads\/2022\/08\/DomWest.com-Autorepondeur-formulaire-message-absence-300x146.png\" alt=\"\" width=\"300\" height=\"146\" srcset=\"https:\/\/www.domwest.com\/faq\/wp-content\/uploads\/2022\/08\/DomWest.com-Autorepondeur-formulaire-message-absence-300x146.png 300w, https:\/\/www.domwest.com\/faq\/wp-content\/uploads\/2022\/08\/DomWest.com-Autorepondeur-formulaire-message-absence.png 753w\" sizes=\"auto, (max-width: 300px) 100vw, 300px\" \/><\/p>\n<p>A compter de maintenant, les correspondants de cette boite aux lettre recevront le message d\u00e8s qu&rsquo;ils vous adresseront un mail.<br \/>\nS&rsquo;il s&rsquo;agit d&rsquo;un message d&rsquo;absence, n&rsquo;oubliez pas de revenir au m\u00eame endroit pour le d\u00e9sactiver au retour de l&rsquo;utilisateur.<\/p>\n","protected":false},"excerpt":{"rendered":"<p>Le principe : lorsque vous recevez un mail, un mail automatique est envoy\u00e9 \u00e0 l&rsquo;exp\u00e9diteur lui confirmant la r\u00e9ception, l&rsquo;informant de votre absence, etc&#8230; Ce guide vous propose la proc\u00e9dure \u00e0 suivre par les d\u00e9tenteurs de boite aux lettres ( Chapitre 1 ) et celle destin\u00e9e aux administrateurs du nom de domaine ( Chapitre 2 [&hellip;]<\/p>\n","protected":false},"author":2,"featured_media":0,"parent":147,"menu_order":2,"comment_status":"closed","ping_status":"closed","template":"","meta":{"footnotes":""},"class_list":["post-123","page","type-page","status-publish","hentry"],"_links":{"self":[{"href":"https:\/\/www.domwest.com\/faq\/wp-json\/wp\/v2\/pages\/123","targetHints":{"allow":["GET"]}}],"collection":[{"href":"https:\/\/www.domwest.com\/faq\/wp-json\/wp\/v2\/pages"}],"about":[{"href":"https:\/\/www.domwest.com\/faq\/wp-json\/wp\/v2\/types\/page"}],"author":[{"embeddable":true,"href":"https:\/\/www.domwest.com\/faq\/wp-json\/wp\/v2\/users\/2"}],"replies":[{"embeddable":true,"href":"https:\/\/www.domwest.com\/faq\/wp-json\/wp\/v2\/comments?post=123"}],"version-history":[{"count":33,"href":"https:\/\/www.domwest.com\/faq\/wp-json\/wp\/v2\/pages\/123\/revisions"}],"predecessor-version":[{"id":679,"href":"https:\/\/www.domwest.com\/faq\/wp-json\/wp\/v2\/pages\/123\/revisions\/679"}],"up":[{"embeddable":true,"href":"https:\/\/www.domwest.com\/faq\/wp-json\/wp\/v2\/pages\/147"}],"wp:attachment":[{"href":"https:\/\/www.domwest.com\/faq\/wp-json\/wp\/v2\/media?parent=123"}],"curies":[{"name":"wp","href":"https:\/\/api.w.org\/{rel}","templated":true}]}}