{"id":176,"date":"2019-01-14T09:18:15","date_gmt":"2019-01-14T08:18:15","guid":{"rendered":"https:\/\/www.domwest.com\/faq\/?page_id=176"},"modified":"2022-06-30T08:25:49","modified_gmt":"2022-06-30T06:25:49","slug":"redirection_ou_boite_aux_lettres","status":"publish","type":"page","link":"https:\/\/www.domwest.com\/faq\/messagerie\/redirection_ou_boite_aux_lettres\/","title":{"rendered":"Redirection des mails ou boite aux lettres. Quel service est le mieux adapt\u00e9 pour moi ?"},"content":{"rendered":"<p>Apr\u00e8s avoir d\u00e9pos\u00e9 votre nom de domaine par notre interm\u00e9diaire, vous pouvez cr\u00e9er des adresses mails soit en redirection, soit en boite aux lettres.<\/p>\n<p>Les redirections sont les plus simples \u00e0 mettre en place puisqu&rsquo;elles ne demandent pas \u00e0 changer vos habitudes.<br \/>\nLe principe est simple : lorsque nous recevons un mail pour une de vos adresses en redirection, nous le r\u00e9-exp\u00e9dions vers une de vos adresses mail habituelle h\u00e9berg\u00e9e sur nos serveurs.<\/p>\n<p>La cr\u00e9ation d&rsquo;une boite aux lettres demande un peu d&rsquo;effort de votre part mais votre image aupr\u00e8s de vos correspondants s&rsquo;en ressentira. Qu&rsquo;est-ce qu&rsquo;une boites aux lettres ? C&rsquo;est un espaces disque que nous mettons \u00e0 votre dispositions pour y stocker les mails que vous recevez pour que vous puissiez ensuite les consulter.<br \/>\nLe fait d&rsquo;utiliser une boite aux lettres vous permet de recevoir des mails avec une adresse rattach\u00e9e \u00e0 votre nom de domaine mais aussi de r\u00e9pondre avec cette m\u00eame adresse. C&rsquo;est autrement plus propre qu&rsquo;une redirection. De plus, votre correspondant va voir votre adresse moi@mon-domaine.com. S&rsquo;il a besoin de consulter votre site, il saura qu&rsquo;il peut le trouver \u00e0 l&rsquo;adresse <a href=\"http:\/\/www.mon-domaine.com.\">www.mon-domaine.com. <\/a><\/p>\n<p>La boite aux lettres vous permet de configurer une r\u00e9ponse automatique et un message d&rsquo;absence lorsque vous recevez un mail.<\/p>\n<p>Nous configurons automatiquement les outils n\u00e9cessaires pour r\u00e9duire le risque que les mails que vous envoyez ne soient pas consid\u00e9r\u00e9s comme spam ( exemple : spf, dkim, dnssec, etc&#8230; ). Pour pouvoir b\u00e9n\u00e9ficier de ces avantages, vous devez faire transiter vos mails par nos serveurs. Cela n\u00e9cessite la cr\u00e9ation d&rsquo;une boite aux lettres.<\/p>\n<p>Apr\u00e8s avoir cr\u00e9\u00e9 votre boite aux lettres ( voir notre tutoriel ), vous pouvez utiliser notre webmail pour g\u00e9rer vos mails directement en ligne sans avoir \u00e0 configurer un logiciel. Si vous pr\u00e9f\u00e9rez l&rsquo;utilisation d&rsquo;un logiciel classique, nous vous avons cr\u00e9er des didactiels pour certaines solutions les plus r\u00e9pandues. Il vous faut ensuite avertir vos correspodants habituels que vous avez chang\u00e9 d&rsquo;adresse mail. Vous porterez cette nouvelle adresse sur tous vos documents ( facture, plaquette commerciale, tampon, etc&#8230;). Vous continuerez \u00e0 consulter votre ancienne adresse pour ne pas perdre de message. Si vous devez repondre \u00e0 un mail re\u00e7u sur l&rsquo;ancienne adresse, vous le transf\u00e9rer d&rsquo;abord vers votre nouvelle boite aux lettres puis y r\u00e9pondez. Au fur et a mesure, vos correspondants oublieront votre adresse mail initiale pour ne plus utiliser que celle de votre nom de domaine. F\u00e9licitations, votre correspondance professionnelle est maintenant coh\u00e9rente et a gagn\u00e9 en cr\u00e9dibilit\u00e9.<\/p>\n<p><img loading=\"lazy\" decoding=\"async\" class=\"alignnone wp-image-377\" src=\"https:\/\/www.domwest.com\/faq\/wp-content\/uploads\/2022\/06\/help.gif\" alt=\"\" width=\"17\" height=\"17\" \/> Astuce : Lorsque vous \u00eates en d\u00e9placement, vacances, voyages, etc&#8230; et n&rsquo;avez pas acc\u00e8s \u00e0 votre logiciel de messagerie, le webmail vous permet d&rsquo;acc\u00e9der quand m\u00eame \u00e0 votre boite aux lettres et consulter les derniers messages re\u00e7us.<\/p>\n","protected":false},"excerpt":{"rendered":"<p>Apr\u00e8s avoir d\u00e9pos\u00e9 votre nom de domaine par notre interm\u00e9diaire, vous pouvez cr\u00e9er des adresses mails soit en redirection, soit en boite aux lettres. Les redirections sont les plus simples \u00e0 mettre en place puisqu&rsquo;elles ne demandent pas \u00e0 changer vos habitudes. Le principe est simple : lorsque nous recevons un mail pour une de [&hellip;]<\/p>\n","protected":false},"author":2,"featured_media":0,"parent":147,"menu_order":0,"comment_status":"closed","ping_status":"closed","template":"","meta":{"footnotes":""},"class_list":["post-176","page","type-page","status-publish","hentry"],"_links":{"self":[{"href":"https:\/\/www.domwest.com\/faq\/wp-json\/wp\/v2\/pages\/176","targetHints":{"allow":["GET"]}}],"collection":[{"href":"https:\/\/www.domwest.com\/faq\/wp-json\/wp\/v2\/pages"}],"about":[{"href":"https:\/\/www.domwest.com\/faq\/wp-json\/wp\/v2\/types\/page"}],"author":[{"embeddable":true,"href":"https:\/\/www.domwest.com\/faq\/wp-json\/wp\/v2\/users\/2"}],"replies":[{"embeddable":true,"href":"https:\/\/www.domwest.com\/faq\/wp-json\/wp\/v2\/comments?post=176"}],"version-history":[{"count":42,"href":"https:\/\/www.domwest.com\/faq\/wp-json\/wp\/v2\/pages\/176\/revisions"}],"predecessor-version":[{"id":379,"href":"https:\/\/www.domwest.com\/faq\/wp-json\/wp\/v2\/pages\/176\/revisions\/379"}],"up":[{"embeddable":true,"href":"https:\/\/www.domwest.com\/faq\/wp-json\/wp\/v2\/pages\/147"}],"wp:attachment":[{"href":"https:\/\/www.domwest.com\/faq\/wp-json\/wp\/v2\/media?parent=176"}],"curies":[{"name":"wp","href":"https:\/\/api.w.org\/{rel}","templated":true}]}}