{"id":291,"date":"2021-11-26T08:33:21","date_gmt":"2021-11-26T07:33:21","guid":{"rendered":"https:\/\/www.domwest.com\/faq\/?page_id=291"},"modified":"2022-11-23T10:41:07","modified_gmt":"2022-11-23T09:41:07","slug":"hebergement_2mo_fourni_nom_de_domaine","status":"publish","type":"page","link":"https:\/\/www.domwest.com\/faq\/hebergement_site_web\/hebergement_2mo_fourni_nom_de_domaine\/","title":{"rendered":"Comment utiliser l&rsquo;h\u00e9bergement de 2Mo fourni avec mon nom de domaine ?"},"content":{"rendered":"<p>Lorsque vous d\u00e9posez un nom de domaine chez DomWest, vous b\u00e9n\u00e9ficiez d&rsquo;un espace de 2Mo pour pouvoir mettre en ligne votre page personnelle.<\/p>\n<p><strong>Attention, si vous avez souscrit \u00e0 une offre d&rsquo;h\u00e9bergement en plus de votre nom de domaine, vous ne devriez pas utiliser l&rsquo;h\u00e9bergement de 2Mo&#8230;<\/strong><\/p>\n<h2>1 \u2013 Connectez-vous \u00e0 la <a title=\"Plateforme d'administration des solutions DomWest\" href=\"https:\/\/client.domwest.com\" target=\"_blank\" rel=\"noopener\">zone client<\/a> avec vos identifiants<\/h2>\n<p><img loading=\"lazy\" decoding=\"async\" class=\"alignnone size-medium wp-image-386\" src=\"https:\/\/www.domwest.com\/faq\/wp-content\/uploads\/2022\/07\/Authentification_compte_domwest-300x295.png\" sizes=\"auto, (max-width: 300px) 100vw, 300px\" srcset=\"https:\/\/www.domwest.com\/faq\/wp-content\/uploads\/2022\/07\/Authentification_compte_domwest-300x295.png 300w, https:\/\/www.domwest.com\/faq\/wp-content\/uploads\/2022\/07\/Authentification_compte_domwest.png 426w\" alt=\"Authentification site client domwest\" width=\"300\" height=\"295\" \/><\/p>\n<h2>2 &#8211; Rendez-vous \u00e0 la rubrique \u00ab\u00a0H\u00e9bergement 2Mo inclus\u00a0\u00bb<\/h2>\n<p><img loading=\"lazy\" decoding=\"async\" class=\"alignnone size-full wp-image-518\" src=\"https:\/\/www.domwest.com\/faq\/wp-content\/uploads\/2022\/11\/Domwest_menu_hebergement_2_m0_inclus.png\" alt=\"\" width=\"238\" height=\"255\" \/><\/p>\n<h2>3 &#8211; <strong>Renseignez les diff\u00e9rentes zones en vous inspirant de l&rsquo;exemple ci-dessous :<\/strong><\/h2>\n<p><img loading=\"lazy\" decoding=\"async\" class=\"alignnone size-medium wp-image-521\" src=\"https:\/\/www.domwest.com\/faq\/wp-content\/uploads\/2022\/11\/Domwest_gerer_hebergement_2_m0_inclus-300x137.png\" alt=\"\" width=\"300\" height=\"137\" srcset=\"https:\/\/www.domwest.com\/faq\/wp-content\/uploads\/2022\/11\/Domwest_gerer_hebergement_2_m0_inclus-300x137.png 300w, https:\/\/www.domwest.com\/faq\/wp-content\/uploads\/2022\/11\/Domwest_gerer_hebergement_2_m0_inclus.png 755w\" sizes=\"auto, (max-width: 300px) 100vw, 300px\" \/><\/p>\n<p><em><strong>Adresse de votre site<\/strong> : G\u00e9n\u00e9ralement www ( ce qui donnera http:\/\/www.mondomaine.com ).<\/em><\/p>\n<p><em><strong>Utilisateur F.T.P.<\/strong> : Indiquez le nom de l&rsquo;utilisateur dont vous vous servirez pour envoyer votre site sur nos serveurs par ftp.<\/em><\/p>\n<p><em><strong>Mot de passe<\/strong> : indiquez un mot de passe pour votre utilisateur ftp.<\/em><\/p>\n<h2>4 &#8211; Validez votre saisie<\/h2>\n<p>Vous obtenez alors l&rsquo;ensemble des donn\u00e9es \u00e0 renseigner dans votre logiciel ftp : adresse du serveur, port, compte utilisateur, mot de passe, etc&#8230;<\/p>\n","protected":false},"excerpt":{"rendered":"<p>Lorsque vous d\u00e9posez un nom de domaine chez DomWest, vous b\u00e9n\u00e9ficiez d&rsquo;un espace de 2Mo pour pouvoir mettre en ligne votre page personnelle. Attention, si vous avez souscrit \u00e0 une offre d&rsquo;h\u00e9bergement en plus de votre nom de domaine, vous ne devriez pas utiliser l&rsquo;h\u00e9bergement de 2Mo&#8230; 1 \u2013 Connectez-vous \u00e0 la zone client avec [&hellip;]<\/p>\n","protected":false},"author":2,"featured_media":0,"parent":104,"menu_order":0,"comment_status":"closed","ping_status":"closed","template":"","meta":{"footnotes":""},"class_list":["post-291","page","type-page","status-publish","hentry"],"_links":{"self":[{"href":"https:\/\/www.domwest.com\/faq\/wp-json\/wp\/v2\/pages\/291","targetHints":{"allow":["GET"]}}],"collection":[{"href":"https:\/\/www.domwest.com\/faq\/wp-json\/wp\/v2\/pages"}],"about":[{"href":"https:\/\/www.domwest.com\/faq\/wp-json\/wp\/v2\/types\/page"}],"author":[{"embeddable":true,"href":"https:\/\/www.domwest.com\/faq\/wp-json\/wp\/v2\/users\/2"}],"replies":[{"embeddable":true,"href":"https:\/\/www.domwest.com\/faq\/wp-json\/wp\/v2\/comments?post=291"}],"version-history":[{"count":52,"href":"https:\/\/www.domwest.com\/faq\/wp-json\/wp\/v2\/pages\/291\/revisions"}],"predecessor-version":[{"id":529,"href":"https:\/\/www.domwest.com\/faq\/wp-json\/wp\/v2\/pages\/291\/revisions\/529"}],"up":[{"embeddable":true,"href":"https:\/\/www.domwest.com\/faq\/wp-json\/wp\/v2\/pages\/104"}],"wp:attachment":[{"href":"https:\/\/www.domwest.com\/faq\/wp-json\/wp\/v2\/media?parent=291"}],"curies":[{"name":"wp","href":"https:\/\/api.w.org\/{rel}","templated":true}]}}