{"id":547,"date":"2022-12-16T11:38:54","date_gmt":"2022-12-16T10:38:54","guid":{"rendered":"https:\/\/www.domwest.com\/faq\/?page_id=547"},"modified":"2024-10-10T10:40:14","modified_gmt":"2024-10-10T08:40:14","slug":"configurer-android-samsungwikoetc-pour-gerer-ses-mails","status":"publish","type":"page","link":"https:\/\/www.domwest.com\/faq\/messagerie\/logiciels-de-messagerie-emails\/configurer-android-samsungwikoetc-pour-gerer-ses-mails\/","title":{"rendered":"Configurer Android (Samsung,Wiko,etc&#8230;)."},"content":{"rendered":"\n<p>Vous pouvez configurer votre t\u00e9l\u00e9phone mobile afin qu&rsquo;il vienne pr\u00e9lever les mails de votre <a href=\"https:\/\/www.domwest.com\/faq\/messagerie\/comment-creer-une-boite-aux-lettres-sur-domwest\/\" target=\"_blank\" rel=\"noopener\">boite aux lettres<\/a>. Un grand nombre d&rsquo;app est disponible sur le diff\u00e9rents stores. Dans ce guide, nous allons installer K-9 Mail qui est l&rsquo;\u00e9quivalence de Thunderbird sous Android.<\/p>\n\n\n\n<p>Voici les \u00e9tapes \u00e0 suivre :<\/p>\n\n\n\n<h2 class=\"wp-block-heading\"><strong>1 &#8211; Lancez le Play Store :<\/strong><\/h2>\n\n\n\n<figure class=\"wp-block-image\"><img loading=\"lazy\" decoding=\"async\" width=\"300\" height=\"260\" src=\"https:\/\/www.domwest.com\/faq\/wp-content\/uploads\/2023\/03\/domwest_playStore-300x260.png\" alt=\"\" class=\"wp-image-566\" srcset=\"https:\/\/www.domwest.com\/faq\/wp-content\/uploads\/2023\/03\/domwest_playStore-300x260.png 300w, https:\/\/www.domwest.com\/faq\/wp-content\/uploads\/2023\/03\/domwest_playStore-768x665.png 768w, https:\/\/www.domwest.com\/faq\/wp-content\/uploads\/2023\/03\/domwest_playStore.png 1024w\" sizes=\"auto, (max-width: 300px) 100vw, 300px\" \/><\/figure>\n\n\n\n<p><\/p>\n\n\n\n<h2 class=\"wp-block-heading\">2 &#8211; Recherchez K-9 Mail puis choisissez \u00ab\u00a0Installer\u00a0\u00bb :<\/h2>\n\n\n\n<figure class=\"wp-block-image\"><img loading=\"lazy\" decoding=\"async\" width=\"300\" height=\"181\" src=\"https:\/\/www.domwest.com\/faq\/wp-content\/uploads\/2023\/03\/domwest_playStore_K9mail-300x181.png\" alt=\"\" class=\"wp-image-572\" srcset=\"https:\/\/www.domwest.com\/faq\/wp-content\/uploads\/2023\/03\/domwest_playStore_K9mail-300x181.png 300w, https:\/\/www.domwest.com\/faq\/wp-content\/uploads\/2023\/03\/domwest_playStore_K9mail-1024x617.png 1024w, https:\/\/www.domwest.com\/faq\/wp-content\/uploads\/2023\/03\/domwest_playStore_K9mail-768x463.png 768w, https:\/\/www.domwest.com\/faq\/wp-content\/uploads\/2023\/03\/domwest_playStore_K9mail.png 1067w\" sizes=\"auto, (max-width: 300px) 100vw, 300px\" \/><\/figure>\n\n\n\n<p><\/p>\n\n\n\n<h2 class=\"wp-block-heading\">3 &#8211; Lancez K-9 mail :<\/h2>\n\n\n\n<figure class=\"wp-block-image\"><img loading=\"lazy\" decoding=\"async\" width=\"117\" height=\"158\" src=\"https:\/\/www.domwest.com\/faq\/wp-content\/uploads\/2023\/03\/domwest_icone_K9mail.png\" alt=\"\" class=\"wp-image-575\"\/><\/figure>\n\n\n\n<p><\/p>\n\n\n\n<h2 class=\"wp-block-heading\">4 &#8211; Si vous souhaitez \u00eatre alert\u00e9 lors de l&rsquo;arriv\u00e9e des mails, choisissez \u00ab\u00a0Autoriser\u00a0\u00bb<\/h2>\n\n\n\n<figure class=\"wp-block-image\"><img loading=\"lazy\" decoding=\"async\" width=\"300\" height=\"208\" src=\"https:\/\/www.domwest.com\/faq\/wp-content\/uploads\/2023\/03\/domwest_K9mail_autorise_notifications-300x208.png\" alt=\"\" class=\"wp-image-579\" srcset=\"https:\/\/www.domwest.com\/faq\/wp-content\/uploads\/2023\/03\/domwest_K9mail_autorise_notifications-300x208.png 300w, https:\/\/www.domwest.com\/faq\/wp-content\/uploads\/2023\/03\/domwest_K9mail_autorise_notifications.png 459w\" sizes=\"auto, (max-width: 300px) 100vw, 300px\" \/><\/figure>\n\n\n\n<p><\/p>\n\n\n\n<h2 class=\"wp-block-heading\">5 &#8211; Faites \u00ab\u00a0Suivant\u00a0\u00bb<\/h2>\n\n\n\n<figure class=\"wp-block-image\"><img loading=\"lazy\" decoding=\"async\" width=\"300\" height=\"132\" src=\"https:\/\/www.domwest.com\/faq\/wp-content\/uploads\/2023\/03\/domwest_K9mail_suivant-300x132.png\" alt=\"\" class=\"wp-image-584\" srcset=\"https:\/\/www.domwest.com\/faq\/wp-content\/uploads\/2023\/03\/domwest_K9mail_suivant-300x132.png 300w, https:\/\/www.domwest.com\/faq\/wp-content\/uploads\/2023\/03\/domwest_K9mail_suivant.png 553w\" sizes=\"auto, (max-width: 300px) 100vw, 300px\" \/><\/figure>\n\n\n\n<p><\/p>\n\n\n\n<h2 class=\"wp-block-heading\">6 &#8211; Indiquez votre adresse mail puis \u00ab\u00a0Suivant\u00a0\u00bb<\/h2>\n\n\n\n<figure class=\"wp-block-image\"><img loading=\"lazy\" decoding=\"async\" width=\"255\" height=\"300\" src=\"https:\/\/www.domwest.com\/faq\/wp-content\/uploads\/2023\/03\/domwest_K9mail_adresse_courriel-255x300.png\" alt=\"\" class=\"wp-image-590\" srcset=\"https:\/\/www.domwest.com\/faq\/wp-content\/uploads\/2023\/03\/domwest_K9mail_adresse_courriel-255x300.png 255w, https:\/\/www.domwest.com\/faq\/wp-content\/uploads\/2023\/03\/domwest_K9mail_adresse_courriel.png 554w\" sizes=\"auto, (max-width: 255px) 100vw, 255px\" \/><\/figure>\n\n\n\n<p><\/p>\n\n\n\n<p>Dans notre exemple; notre adresse mail est prenom.nom@domaine.fr<\/p>\n\n\n\n<h2 class=\"wp-block-heading\">6 &#8211; Indiquez le mot de passe de votre boite aux lettres puis \u00ab\u00a0Suivant\u00a0\u00bb<\/h2>\n\n\n\n<figure class=\"wp-block-image\"><img loading=\"lazy\" decoding=\"async\" width=\"251\" height=\"300\" src=\"https:\/\/www.domwest.com\/faq\/wp-content\/uploads\/2023\/03\/domwest_K9mail_mot_de_passe-251x300.png\" alt=\"\" class=\"wp-image-594\" srcset=\"https:\/\/www.domwest.com\/faq\/wp-content\/uploads\/2023\/03\/domwest_K9mail_mot_de_passe-251x300.png 251w, https:\/\/www.domwest.com\/faq\/wp-content\/uploads\/2023\/03\/domwest_K9mail_mot_de_passe.png 553w\" sizes=\"auto, (max-width: 251px) 100vw, 251px\" \/><\/figure>\n\n\n\n<p><\/p>\n\n\n\n<h2 class=\"wp-block-heading\">7 &#8211; Choisissez \u00ab\u00a0IMAP\u00a0\u00bb puis \u00ab\u00a0Suivant\u00a0\u00bb<\/h2>\n\n\n\n<figure class=\"wp-block-image\"><img loading=\"lazy\" decoding=\"async\" width=\"300\" height=\"160\" src=\"https:\/\/www.domwest.com\/faq\/wp-content\/uploads\/2023\/04\/domwest_K9mail_imap-300x160.png\" alt=\"\" class=\"wp-image-598\" srcset=\"https:\/\/www.domwest.com\/faq\/wp-content\/uploads\/2023\/04\/domwest_K9mail_imap-300x160.png 300w, https:\/\/www.domwest.com\/faq\/wp-content\/uploads\/2023\/04\/domwest_K9mail_imap.png 547w\" sizes=\"auto, (max-width: 300px) 100vw, 300px\" \/><\/figure>\n\n\n\n<p><\/p>\n\n\n\n<h2 class=\"wp-block-heading\">8 &#8211; Les param\u00e8tres du serveur IMAP puis \u00ab\u00a0Suivant\u00a0\u00bb<\/h2>\n\n\n\n<figure class=\"wp-block-image\"><img loading=\"lazy\" decoding=\"async\" width=\"152\" height=\"300\" src=\"https:\/\/www.domwest.com\/faq\/wp-content\/uploads\/2023\/04\/domwest_K9mail_imap_serveur-152x300.jpg\" alt=\"\" class=\"wp-image-606\" srcset=\"https:\/\/www.domwest.com\/faq\/wp-content\/uploads\/2023\/04\/domwest_K9mail_imap_serveur-152x300.jpg 152w, https:\/\/www.domwest.com\/faq\/wp-content\/uploads\/2023\/04\/domwest_K9mail_imap_serveur-520x1024.jpg 520w, https:\/\/www.domwest.com\/faq\/wp-content\/uploads\/2023\/04\/domwest_K9mail_imap_serveur.jpg 553w\" sizes=\"auto, (max-width: 152px) 100vw, 152px\" \/><\/figure>\n\n\n\n<p><\/p>\n\n\n\n<h2 class=\"wp-block-heading\">9 &#8211; Les param\u00e8tres du serveur SMTP puis \u00ab\u00a0Suivant\u00a0\u00bb<\/h2>\n\n\n\n<figure class=\"wp-block-image\"><img loading=\"lazy\" decoding=\"async\" width=\"135\" height=\"300\" src=\"https:\/\/www.domwest.com\/faq\/wp-content\/uploads\/2023\/04\/domwest_K9mail_smtp_serveur-135x300.jpg\" alt=\"\" class=\"wp-image-609\" srcset=\"https:\/\/www.domwest.com\/faq\/wp-content\/uploads\/2023\/04\/domwest_K9mail_smtp_serveur-135x300.jpg 135w, https:\/\/www.domwest.com\/faq\/wp-content\/uploads\/2023\/04\/domwest_K9mail_smtp_serveur-461x1024.jpg 461w, https:\/\/www.domwest.com\/faq\/wp-content\/uploads\/2023\/04\/domwest_K9mail_smtp_serveur.jpg 540w\" sizes=\"auto, (max-width: 135px) 100vw, 135px\" \/><\/figure>\n\n\n\n<p><\/p>\n\n\n\n<h2 class=\"wp-block-heading\">10 &#8211; Ajustez l\u2019intervalle de pr\u00e9l\u00e8vement des mails re\u00e7us puis \u00ab\u00a0Suivant\u00a0\u00bb<\/h2>\n\n\n\n<figure class=\"wp-block-image\"><img loading=\"lazy\" decoding=\"async\" width=\"300\" height=\"280\" src=\"https:\/\/www.domwest.com\/faq\/wp-content\/uploads\/2023\/05\/domwest_K9mail_options-300x280.jpg\" alt=\"\" class=\"wp-image-616\" srcset=\"https:\/\/www.domwest.com\/faq\/wp-content\/uploads\/2023\/05\/domwest_K9mail_options-300x280.jpg 300w, https:\/\/www.domwest.com\/faq\/wp-content\/uploads\/2023\/05\/domwest_K9mail_options.jpg 553w\" sizes=\"auto, (max-width: 300px) 100vw, 300px\" \/><\/figure>\n\n\n\n<p><\/p>\n\n\n\n<p>&nbsp;<\/p>\n\n\n\n<h1 class=\"wp-block-heading\">11 &#8211; Indiquez votre pr\u00e9nom et votre nom puis \u00ab\u00a0Suivant\u00a0\u00bb<\/h1>\n\n\n\n<figure class=\"wp-block-image\"><img loading=\"lazy\" decoding=\"async\" width=\"254\" height=\"300\" src=\"https:\/\/www.domwest.com\/faq\/wp-content\/uploads\/2023\/05\/domwest_K9mail_termine_prenom_nom-254x300.png\" alt=\"\" class=\"wp-image-621\" srcset=\"https:\/\/www.domwest.com\/faq\/wp-content\/uploads\/2023\/05\/domwest_K9mail_termine_prenom_nom-254x300.png 254w, https:\/\/www.domwest.com\/faq\/wp-content\/uploads\/2023\/05\/domwest_K9mail_termine_prenom_nom.png 553w\" sizes=\"auto, (max-width: 254px) 100vw, 254px\" \/><\/figure>\n\n\n\n<p><\/p>\n\n\n\n<h1 class=\"wp-block-heading\">12 &#8211; Cliquez sur \u00ab\u00a0Autoriser\u00a0\u00bb, si vous souhaitez utiliser les contacts de votre t\u00e9l\u00e9phone.<\/h1>\n\n\n\n<figure class=\"wp-block-image\"><img loading=\"lazy\" decoding=\"async\" width=\"300\" height=\"215\" src=\"https:\/\/www.domwest.com\/faq\/wp-content\/uploads\/2023\/05\/domwest_K9mail_termine_contact-300x215.png\" alt=\"\" class=\"wp-image-624\" srcset=\"https:\/\/www.domwest.com\/faq\/wp-content\/uploads\/2023\/05\/domwest_K9mail_termine_contact-300x215.png 300w, https:\/\/www.domwest.com\/faq\/wp-content\/uploads\/2023\/05\/domwest_K9mail_termine_contact.png 534w\" sizes=\"auto, (max-width: 300px) 100vw, 300px\" \/><\/figure>\n\n\n\n<p><\/p>\n\n\n\n<h1 class=\"wp-block-heading\">13 &#8211; F\u00e9licitations, vous allez recevoir vos mails sur votre t\u00e9l\u00e9phone.<\/h1>\n\n\n\n<p><strong>Remarque<\/strong> : Pensez \u00e0 configurer vos autres p\u00e9riph\u00e9riques ( ordinateur, tablette, etc&#8230;) pour qu&rsquo;ils utilisent eux-aussi le protocole imap afin que vos mails soient disponibles sur tous les appareils. Si vous pr\u00e9f\u00e9rez garder le protocole pop, vous devez indiquer \u00e0 votre logiciel qui doit laisser les mails sur le serveur apr\u00e8s les avoir pr\u00e9lev\u00e9s.<\/p>\n","protected":false},"excerpt":{"rendered":"<p>Vous pouvez configurer votre t\u00e9l\u00e9phone mobile afin qu&rsquo;il vienne pr\u00e9lever les mails de votre boite aux lettres. Un grand nombre d&rsquo;app est disponible sur le diff\u00e9rents stores. Dans ce guide, nous allons installer K-9 Mail qui est l&rsquo;\u00e9quivalence de Thunderbird sous Android. Voici les \u00e9tapes \u00e0 suivre : 1 &#8211; Lancez le Play Store : [&hellip;]<\/p>\n","protected":false},"author":2,"featured_media":0,"parent":545,"menu_order":0,"comment_status":"closed","ping_status":"closed","template":"","meta":{"footnotes":""},"class_list":["post-547","page","type-page","status-publish","hentry"],"_links":{"self":[{"href":"https:\/\/www.domwest.com\/faq\/wp-json\/wp\/v2\/pages\/547","targetHints":{"allow":["GET"]}}],"collection":[{"href":"https:\/\/www.domwest.com\/faq\/wp-json\/wp\/v2\/pages"}],"about":[{"href":"https:\/\/www.domwest.com\/faq\/wp-json\/wp\/v2\/types\/page"}],"author":[{"embeddable":true,"href":"https:\/\/www.domwest.com\/faq\/wp-json\/wp\/v2\/users\/2"}],"replies":[{"embeddable":true,"href":"https:\/\/www.domwest.com\/faq\/wp-json\/wp\/v2\/comments?post=547"}],"version-history":[{"count":62,"href":"https:\/\/www.domwest.com\/faq\/wp-json\/wp\/v2\/pages\/547\/revisions"}],"predecessor-version":[{"id":895,"href":"https:\/\/www.domwest.com\/faq\/wp-json\/wp\/v2\/pages\/547\/revisions\/895"}],"up":[{"embeddable":true,"href":"https:\/\/www.domwest.com\/faq\/wp-json\/wp\/v2\/pages\/545"}],"wp:attachment":[{"href":"https:\/\/www.domwest.com\/faq\/wp-json\/wp\/v2\/media?parent=547"}],"curies":[{"name":"wp","href":"https:\/\/api.w.org\/{rel}","templated":true}]}}