{"id":680,"date":"2024-01-22T13:07:05","date_gmt":"2024-01-22T12:07:05","guid":{"rendered":"https:\/\/www.domwest.com\/faq\/?page_id=680"},"modified":"2024-02-02T13:14:25","modified_gmt":"2024-02-02T12:14:25","slug":"configurer-thunderbird-mozilla-pour-gerer-ses-mails","status":"publish","type":"page","link":"https:\/\/www.domwest.com\/faq\/messagerie\/logiciels-de-messagerie-emails\/configurer-thunderbird-mozilla-pour-gerer-ses-mails\/","title":{"rendered":"Configurer Thunderbird (Mozilla) pour g\u00e9rer ses mails"},"content":{"rendered":"<p>Vous pouvez configurer votre logiciel Thunderbird afin qu&rsquo;il vienne pr\u00e9lever les mails de votre boite aux lettres.<\/p>\n<h2><strong>1 &#8211; Si la barre de menu n&rsquo;est pas pr\u00e9sente, appuyez sur la touche \u00ab\u00a0Alt\u00a0\u00bb \u00e0 gauche de la barre d&rsquo;espace pour la faire apparaitre<br \/>\n<\/strong><\/h2>\n<p><img loading=\"lazy\" decoding=\"async\" class=\"alignnone size-medium wp-image-688\" src=\"https:\/\/www.domwest.com\/faq\/wp-content\/uploads\/2024\/01\/DomWest_Thunderbird_sans_barre_de_menu-300x48.png\" alt=\"\" width=\"300\" height=\"48\" srcset=\"https:\/\/www.domwest.com\/faq\/wp-content\/uploads\/2024\/01\/DomWest_Thunderbird_sans_barre_de_menu-300x48.png 300w, https:\/\/www.domwest.com\/faq\/wp-content\/uploads\/2024\/01\/DomWest_Thunderbird_sans_barre_de_menu.png 538w\" sizes=\"auto, (max-width: 300px) 100vw, 300px\" \/><img loading=\"lazy\" decoding=\"async\" class=\"alignnone size-medium wp-image-690\" src=\"https:\/\/www.domwest.com\/faq\/wp-content\/uploads\/2024\/01\/DomWest_Thunderbird_sans_barre_de_menu_alt-300x105.png\" alt=\"\" width=\"300\" height=\"105\" srcset=\"https:\/\/www.domwest.com\/faq\/wp-content\/uploads\/2024\/01\/DomWest_Thunderbird_sans_barre_de_menu_alt-300x105.png 300w, https:\/\/www.domwest.com\/faq\/wp-content\/uploads\/2024\/01\/DomWest_Thunderbird_sans_barre_de_menu_alt.png 334w\" sizes=\"auto, (max-width: 300px) 100vw, 300px\" \/><\/p>\n<h2><strong>2 &#8211; Cliquez sur le menu \u00ab\u00a0Outils\u00a0\u00bb :<\/strong><\/h2>\n<p><img loading=\"lazy\" decoding=\"async\" class=\"alignnone size-medium wp-image-693\" src=\"https:\/\/www.domwest.com\/faq\/wp-content\/uploads\/2024\/01\/DomWest_Thunderbird_menu_outils-300x59.png\" alt=\"\" width=\"300\" height=\"59\" srcset=\"https:\/\/www.domwest.com\/faq\/wp-content\/uploads\/2024\/01\/DomWest_Thunderbird_menu_outils-300x59.png 300w, https:\/\/www.domwest.com\/faq\/wp-content\/uploads\/2024\/01\/DomWest_Thunderbird_menu_outils.png 540w\" sizes=\"auto, (max-width: 300px) 100vw, 300px\" \/><\/p>\n<h2><strong>3 &#8211; S\u00e9lectionnez \u00ab\u00a0Param\u00e8tres des comptes\u00a0\u00bb :<\/strong><\/h2>\n<p><img loading=\"lazy\" decoding=\"async\" class=\"alignnone size-medium wp-image-697\" src=\"https:\/\/www.domwest.com\/faq\/wp-content\/uploads\/2024\/01\/DomWest_Thunderbird_menu_outils_deroule-199x300.png\" alt=\"\" width=\"199\" height=\"300\" srcset=\"https:\/\/www.domwest.com\/faq\/wp-content\/uploads\/2024\/01\/DomWest_Thunderbird_menu_outils_deroule-199x300.png 199w, https:\/\/www.domwest.com\/faq\/wp-content\/uploads\/2024\/01\/DomWest_Thunderbird_menu_outils_deroule.png 325w\" sizes=\"auto, (max-width: 199px) 100vw, 199px\" \/><\/p>\n<h2><strong>4 &#8211; Cliquez sur \u00ab\u00a0Gestion des comptes\u00a0\u00bb puis s\u00e9lectionnez \u00ab\u00a0Ajouter un compte de messagerie&#8230;\u00a0\u00bb :<\/strong><\/h2>\n<p><img loading=\"lazy\" decoding=\"async\" class=\"alignnone size-medium wp-image-702\" src=\"https:\/\/www.domwest.com\/faq\/wp-content\/uploads\/2024\/01\/DomWest_Thunderbird_menu_ajouter_un_compte-300x190.png\" alt=\"\" width=\"300\" height=\"190\" srcset=\"https:\/\/www.domwest.com\/faq\/wp-content\/uploads\/2024\/01\/DomWest_Thunderbird_menu_ajouter_un_compte-300x190.png 300w, https:\/\/www.domwest.com\/faq\/wp-content\/uploads\/2024\/01\/DomWest_Thunderbird_menu_ajouter_un_compte.png 356w\" sizes=\"auto, (max-width: 300px) 100vw, 300px\" \/><\/p>\n<h2><strong>5 &#8211; Dans l&rsquo;image ci-dessous, indiquez :<\/strong><\/h2>\n<p><strong>&#8211; Votre nom complet : <\/strong>vos pr\u00e9nom et nom.<\/p>\n<p><strong>&#8211; Adresse \u00e9lectronique : <\/strong>votre adresse mail cr\u00e9\u00e9e au pr\u00e9alable chez DomWest.<\/p>\n<p><strong>&#8211; Mot de passe :<\/strong> le mot de passe associ\u00e9 \u00e0 l&rsquo;adresse mail.<\/p>\n<p><em>Cochez \u00ab\u00a0Retenir le mot de passe\u00a0\u00bb si vous souhaitez que Thunderbird retienne le mot de passe et ne vous le demande plus \u00e0 l&rsquo;avenir.<\/em><\/p>\n<p><img loading=\"lazy\" decoding=\"async\" class=\"alignnone size-medium wp-image-706\" src=\"https:\/\/www.domwest.com\/faq\/wp-content\/uploads\/2024\/01\/DomWest_Thunderbird_creation_compte_courier-300x256.png\" alt=\"\" width=\"300\" height=\"256\" srcset=\"https:\/\/www.domwest.com\/faq\/wp-content\/uploads\/2024\/01\/DomWest_Thunderbird_creation_compte_courier-300x256.png 300w, https:\/\/www.domwest.com\/faq\/wp-content\/uploads\/2024\/01\/DomWest_Thunderbird_creation_compte_courier.png 501w\" sizes=\"auto, (max-width: 300px) 100vw, 300px\" \/><\/p>\n<h2><strong>6 &#8211; Patientez le temps que Thunderbird cherche vos serveurs :<\/strong><\/h2>\n<p><img loading=\"lazy\" decoding=\"async\" class=\"alignnone size-medium wp-image-710\" src=\"https:\/\/www.domwest.com\/faq\/wp-content\/uploads\/2024\/01\/DomWest_Thunderbird_recherche_serveurpng-300x208.png\" alt=\"\" width=\"300\" height=\"208\" srcset=\"https:\/\/www.domwest.com\/faq\/wp-content\/uploads\/2024\/01\/DomWest_Thunderbird_recherche_serveurpng-300x208.png 300w, https:\/\/www.domwest.com\/faq\/wp-content\/uploads\/2024\/01\/DomWest_Thunderbird_recherche_serveurpng.png 621w\" sizes=\"auto, (max-width: 300px) 100vw, 300px\" \/><\/p>\n<h2><strong>7 &#8211; V\u00e9rifiez que les param\u00e8tres d\u00e9tect\u00e9s soient identiques \u00e0 ceux indiqu\u00e9s ci-dessous :<br \/>\n<\/strong><\/h2>\n<p><strong>&#8211; Serveur entrant : <\/strong>IMAP -imap.domwest.net &#8211; 993 &#8211; SSL\/TLS<\/p>\n<p><strong>&#8211; Serveur sortant : <\/strong>smtp.domwest.net &#8211; 465 &#8211; SSL\/TLS<\/p>\n<p><strong>&#8211; Identifiants : <\/strong>votre adresse \u00e9lectronique ( exemple : prenom.nom@domaine.fr )<\/p>\n<p><img loading=\"lazy\" decoding=\"async\" class=\"alignnone size-medium wp-image-713\" src=\"https:\/\/www.domwest.com\/faq\/wp-content\/uploads\/2024\/02\/DomWest_Thunderbird_creation_compte_serveur-300x156.png\" alt=\"\" width=\"300\" height=\"156\" srcset=\"https:\/\/www.domwest.com\/faq\/wp-content\/uploads\/2024\/02\/DomWest_Thunderbird_creation_compte_serveur-300x156.png 300w, https:\/\/www.domwest.com\/faq\/wp-content\/uploads\/2024\/02\/DomWest_Thunderbird_creation_compte_serveur-768x398.png 768w, https:\/\/www.domwest.com\/faq\/wp-content\/uploads\/2024\/02\/DomWest_Thunderbird_creation_compte_serveur-325x170.png 325w, https:\/\/www.domwest.com\/faq\/wp-content\/uploads\/2024\/02\/DomWest_Thunderbird_creation_compte_serveur.png 825w\" sizes=\"auto, (max-width: 300px) 100vw, 300px\" \/><\/p>\n<h2>\u00a0<strong>8 &#8211; Si vous apporter une modification, cliquez sur \u00ab\u00a0Re-tester\u00a0\u00bb. <\/strong><\/h2>\n<p>Le bouton \u00ab\u00a0Termin\u00e9\u00a0\u00bb apparait lorsque tous vos param\u00e8tres sont corrects. F\u00e9licitations, vous pouvez maintenant commencer vos \u00e9changes par mail.<\/p>\n","protected":false},"excerpt":{"rendered":"<p>Vous pouvez configurer votre logiciel Thunderbird afin qu&rsquo;il vienne pr\u00e9lever les mails de votre boite aux lettres. 1 &#8211; Si la barre de menu n&rsquo;est pas pr\u00e9sente, appuyez sur la touche \u00ab\u00a0Alt\u00a0\u00bb \u00e0 gauche de la barre d&rsquo;espace pour la faire apparaitre 2 &#8211; Cliquez sur le menu \u00ab\u00a0Outils\u00a0\u00bb : 3 &#8211; S\u00e9lectionnez \u00ab\u00a0Param\u00e8tres des [&hellip;]<\/p>\n","protected":false},"author":2,"featured_media":0,"parent":545,"menu_order":0,"comment_status":"closed","ping_status":"closed","template":"","meta":{"footnotes":""},"class_list":["post-680","page","type-page","status-publish","hentry"],"_links":{"self":[{"href":"https:\/\/www.domwest.com\/faq\/wp-json\/wp\/v2\/pages\/680","targetHints":{"allow":["GET"]}}],"collection":[{"href":"https:\/\/www.domwest.com\/faq\/wp-json\/wp\/v2\/pages"}],"about":[{"href":"https:\/\/www.domwest.com\/faq\/wp-json\/wp\/v2\/types\/page"}],"author":[{"embeddable":true,"href":"https:\/\/www.domwest.com\/faq\/wp-json\/wp\/v2\/users\/2"}],"replies":[{"embeddable":true,"href":"https:\/\/www.domwest.com\/faq\/wp-json\/wp\/v2\/comments?post=680"}],"version-history":[{"count":28,"href":"https:\/\/www.domwest.com\/faq\/wp-json\/wp\/v2\/pages\/680\/revisions"}],"predecessor-version":[{"id":717,"href":"https:\/\/www.domwest.com\/faq\/wp-json\/wp\/v2\/pages\/680\/revisions\/717"}],"up":[{"embeddable":true,"href":"https:\/\/www.domwest.com\/faq\/wp-json\/wp\/v2\/pages\/545"}],"wp:attachment":[{"href":"https:\/\/www.domwest.com\/faq\/wp-json\/wp\/v2\/media?parent=680"}],"curies":[{"name":"wp","href":"https:\/\/api.w.org\/{rel}","templated":true}]}}