{"id":718,"date":"2024-02-13T09:50:52","date_gmt":"2024-02-13T08:50:52","guid":{"rendered":"https:\/\/www.domwest.com\/faq\/?page_id=718"},"modified":"2024-03-20T11:30:25","modified_gmt":"2024-03-20T10:30:25","slug":"configurer-outlook-microsoft-pour-gerer-ses-mails","status":"publish","type":"page","link":"https:\/\/www.domwest.com\/faq\/messagerie\/logiciels-de-messagerie-emails\/configurer-outlook-microsoft-pour-gerer-ses-mails\/","title":{"rendered":"Configurer Outlook (Microsoft) pour g\u00e9rer ses mails"},"content":{"rendered":"<p>Vous pouvez configurer votre logiciel Outlook de Microsoft afin qu&rsquo;il vienne pr\u00e9veler les mails de votre boite aux lettres. Voici les \u00e9tapes \u00e0 suivre.<\/p>\n<h2><strong>1 &#8211; Pour ajouter un compte, cliquez sur le Menu \u00ab\u00a0Fichier\u00a0\u00bb :<\/strong><\/h2>\n<p><img loading=\"lazy\" decoding=\"async\" class=\"alignnone size-full wp-image-724\" src=\"https:\/\/www.domwest.com\/faq\/wp-content\/uploads\/2024\/02\/DomWest_Outlook_Menu_Fichier.png\" alt=\"\" width=\"153\" height=\"165\" \/><\/p>\n<h2><strong>2 &#8211; Cliquez sur le bouton \u00ab\u00a0Ajouter un compte\u00a0\u00bb<\/strong><\/h2>\n<p><img loading=\"lazy\" decoding=\"async\" class=\"alignnone size-medium wp-image-728\" src=\"https:\/\/www.domwest.com\/faq\/wp-content\/uploads\/2024\/02\/DomWest_Outlook_Menu_Ajouter_un_compte-300x113.png\" alt=\"\" width=\"300\" height=\"113\" srcset=\"https:\/\/www.domwest.com\/faq\/wp-content\/uploads\/2024\/02\/DomWest_Outlook_Menu_Ajouter_un_compte-300x113.png 300w, https:\/\/www.domwest.com\/faq\/wp-content\/uploads\/2024\/02\/DomWest_Outlook_Menu_Ajouter_un_compte.png 554w\" sizes=\"auto, (max-width: 300px) 100vw, 300px\" \/><\/p>\n<h2><strong>3 &#8211; Choisissez \u00ab\u00a0Configuration manuelle&#8230;\u00a0\u00bb et cliquez sur \u00ab\u00a0Suivant\u00a0\u00bb :<\/strong><\/h2>\n<p><img loading=\"lazy\" decoding=\"async\" class=\"alignnone size-medium wp-image-732\" src=\"https:\/\/www.domwest.com\/faq\/wp-content\/uploads\/2024\/02\/DomWest_Outlook_Configuration_Manuelle-300x188.png\" alt=\"\" width=\"300\" height=\"188\" srcset=\"https:\/\/www.domwest.com\/faq\/wp-content\/uploads\/2024\/02\/DomWest_Outlook_Configuration_Manuelle-300x188.png 300w, https:\/\/www.domwest.com\/faq\/wp-content\/uploads\/2024\/02\/DomWest_Outlook_Configuration_Manuelle-768x480.png 768w, https:\/\/www.domwest.com\/faq\/wp-content\/uploads\/2024\/02\/DomWest_Outlook_Configuration_Manuelle.png 776w\" sizes=\"auto, (max-width: 300px) 100vw, 300px\" \/><\/p>\n<h2><strong>4 &#8211; Choisir \u00ab\u00a0Pop ou imap\u00a0\u00bb ( ou \u00ab\u00a0Messagerie internet\u00a0\u00bb sur les anciennes versions d&rsquo;Outlook ) :<\/strong><\/h2>\n<p><img loading=\"lazy\" decoding=\"async\" class=\"alignnone size-medium wp-image-735\" src=\"https:\/\/www.domwest.com\/faq\/wp-content\/uploads\/2024\/02\/DomWest_Thunderbird_creation_compte_courier_imap-300x190.png\" alt=\"\" width=\"300\" height=\"190\" srcset=\"https:\/\/www.domwest.com\/faq\/wp-content\/uploads\/2024\/02\/DomWest_Thunderbird_creation_compte_courier_imap-300x190.png 300w, https:\/\/www.domwest.com\/faq\/wp-content\/uploads\/2024\/02\/DomWest_Thunderbird_creation_compte_courier_imap-768x487.png 768w, https:\/\/www.domwest.com\/faq\/wp-content\/uploads\/2024\/02\/DomWest_Thunderbird_creation_compte_courier_imap.png 794w\" sizes=\"auto, (max-width: 300px) 100vw, 300px\" \/><\/p>\n<h2>5 &#8211; Dans l&rsquo;image ci-dessous, indiquez :<\/h2>\n<p><img loading=\"lazy\" decoding=\"async\" class=\"alignnone size-medium wp-image-746\" src=\"https:\/\/www.domwest.com\/faq\/wp-content\/uploads\/2024\/02\/DomWest_Thunderbird_creation_compte_courier_detail-300x190.png\" alt=\"\" width=\"300\" height=\"190\" srcset=\"https:\/\/www.domwest.com\/faq\/wp-content\/uploads\/2024\/02\/DomWest_Thunderbird_creation_compte_courier_detail-300x190.png 300w, https:\/\/www.domwest.com\/faq\/wp-content\/uploads\/2024\/02\/DomWest_Thunderbird_creation_compte_courier_detail-768x487.png 768w, https:\/\/www.domwest.com\/faq\/wp-content\/uploads\/2024\/02\/DomWest_Thunderbird_creation_compte_courier_detail.png 794w\" sizes=\"auto, (max-width: 300px) 100vw, 300px\" \/><\/p>\n<p>&#8211; <strong>Votre nom<\/strong> : vos pr\u00e9nom et nom.<\/p>\n<p>&#8211; <strong>Adresse de messagerie <\/strong>: l&rsquo;adresse mail cr\u00e9\u00e9e au pr\u00e9alable.<\/p>\n<p><strong>&#8211; Type de compte<\/strong> : nous vous conseillons de choisir \u00ab\u00a0Imap\u00a0\u00bb.<\/p>\n<p><strong>&#8211; Serveur de messagerie entrant <\/strong>: imap.domwest.net<\/p>\n<p><strong>&#8211; Nom d&rsquo;utilisateur<\/strong> : identique \u00e0 l&rsquo;adresse de messagerie (votre adresse mail)<\/p>\n<p>&#8211; <strong>Mot de Passe<\/strong> : le mot de passe renseign\u00e9 lors de la cr\u00e9ation de la boite aux lettres.<\/p>\n<p>Cliquez ensuite sur \u00ab\u00a0Param\u00e8tres suppl\u00e9mentaires\u00a0\u00bb afin de s\u00e9curiser les communications entre votre logiciel et nos serveurs de messagerie.<\/p>\n<h2>6 &#8211; Cliquez sur l&rsquo;onglet \u00ab\u00a0Serveur Sortant\u00a0\u00bb<\/h2>\n<p><img loading=\"lazy\" decoding=\"async\" class=\"alignnone size-medium wp-image-749\" src=\"https:\/\/www.domwest.com\/faq\/wp-content\/uploads\/2024\/03\/DomWest_Outlook_serveur_sortant-281x300.png\" alt=\"\" width=\"281\" height=\"300\" srcset=\"https:\/\/www.domwest.com\/faq\/wp-content\/uploads\/2024\/03\/DomWest_Outlook_serveur_sortant-281x300.png 281w, https:\/\/www.domwest.com\/faq\/wp-content\/uploads\/2024\/03\/DomWest_Outlook_serveur_sortant.png 520w\" sizes=\"auto, (max-width: 281px) 100vw, 281px\" \/><\/p>\n<p>Cochez \u00ab\u00a0<strong>Mon serveur sortant (SMTP) requiert une authentification<\/strong>\u00a0\u00bb pour utiliser \u00ab\u00a0<strong>les m\u00eames param\u00e8tres que le serveur de messagerie entrant<\/strong>\u00ab\u00a0.<\/p>\n<h2><strong>7 &#8211; Cliquez sur l&rsquo;onglet \u00ab\u00a0Options avanc\u00e9es\u00a0\u00bb<\/strong><\/h2>\n<p><img loading=\"lazy\" decoding=\"async\" class=\"alignnone size-medium wp-image-756\" src=\"https:\/\/www.domwest.com\/faq\/wp-content\/uploads\/2024\/03\/DomWest_Outlook_Options_Avancees-281x300.png\" alt=\"\" width=\"281\" height=\"300\" srcset=\"https:\/\/www.domwest.com\/faq\/wp-content\/uploads\/2024\/03\/DomWest_Outlook_Options_Avancees-281x300.png 281w, https:\/\/www.domwest.com\/faq\/wp-content\/uploads\/2024\/03\/DomWest_Outlook_Options_Avancees.png 520w\" sizes=\"auto, (max-width: 281px) 100vw, 281px\" \/><\/p>\n<p><strong>Serveur entrant<\/strong> : 993<\/p>\n<p><strong>Utiliser le type de connexion chiffr\u00e9e suivant :<\/strong> SSL<\/p>\n<p><strong>Serveur de courrier sortant (SMTP) :<\/strong> 465<\/p>\n<p><strong>Utiliser le type de connexion chiffr\u00e9e suivant :<\/strong> SSL<\/p>\n<p>Renseignez les choix en vous inspirant des informations pr\u00e9sentes ci-dessus<\/p>\n<h2><strong>8 &#8211; Validez et cliquez sur \u00ab\u00a0Suivant\u00a0\u00bb<\/strong><\/h2>\n<p>L&rsquo;\u00e9cran de confirmation apparait alors :<strong><br \/>\n<\/strong><\/p>\n<p><img loading=\"lazy\" decoding=\"async\" class=\"alignnone size-medium wp-image-763\" src=\"https:\/\/www.domwest.com\/faq\/wp-content\/uploads\/2024\/03\/DomWest_Outlook_Felicitations-300x162.png\" alt=\"\" width=\"300\" height=\"162\" srcset=\"https:\/\/www.domwest.com\/faq\/wp-content\/uploads\/2024\/03\/DomWest_Outlook_Felicitations-300x162.png 300w, https:\/\/www.domwest.com\/faq\/wp-content\/uploads\/2024\/03\/DomWest_Outlook_Felicitations.png 541w\" sizes=\"auto, (max-width: 300px) 100vw, 300px\" \/><\/p>\n<p>Valider les diff\u00e9rents \u00e9crans qui suivent. F\u00e9licitations, votre messagerie est pr\u00eate \u00e0 l&#8217;emploi !<\/p>\n","protected":false},"excerpt":{"rendered":"<p>Vous pouvez configurer votre logiciel Outlook de Microsoft afin qu&rsquo;il vienne pr\u00e9veler les mails de votre boite aux lettres. Voici les \u00e9tapes \u00e0 suivre. 1 &#8211; Pour ajouter un compte, cliquez sur le Menu \u00ab\u00a0Fichier\u00a0\u00bb : 2 &#8211; Cliquez sur le bouton \u00ab\u00a0Ajouter un compte\u00a0\u00bb 3 &#8211; Choisissez \u00ab\u00a0Configuration manuelle&#8230;\u00a0\u00bb et cliquez sur \u00ab\u00a0Suivant\u00a0\u00bb : [&hellip;]<\/p>\n","protected":false},"author":2,"featured_media":0,"parent":545,"menu_order":0,"comment_status":"closed","ping_status":"closed","template":"","meta":{"footnotes":""},"class_list":["post-718","page","type-page","status-publish","hentry"],"_links":{"self":[{"href":"https:\/\/www.domwest.com\/faq\/wp-json\/wp\/v2\/pages\/718","targetHints":{"allow":["GET"]}}],"collection":[{"href":"https:\/\/www.domwest.com\/faq\/wp-json\/wp\/v2\/pages"}],"about":[{"href":"https:\/\/www.domwest.com\/faq\/wp-json\/wp\/v2\/types\/page"}],"author":[{"embeddable":true,"href":"https:\/\/www.domwest.com\/faq\/wp-json\/wp\/v2\/users\/2"}],"replies":[{"embeddable":true,"href":"https:\/\/www.domwest.com\/faq\/wp-json\/wp\/v2\/comments?post=718"}],"version-history":[{"count":39,"href":"https:\/\/www.domwest.com\/faq\/wp-json\/wp\/v2\/pages\/718\/revisions"}],"predecessor-version":[{"id":765,"href":"https:\/\/www.domwest.com\/faq\/wp-json\/wp\/v2\/pages\/718\/revisions\/765"}],"up":[{"embeddable":true,"href":"https:\/\/www.domwest.com\/faq\/wp-json\/wp\/v2\/pages\/545"}],"wp:attachment":[{"href":"https:\/\/www.domwest.com\/faq\/wp-json\/wp\/v2\/media?parent=718"}],"curies":[{"name":"wp","href":"https:\/\/api.w.org\/{rel}","templated":true}]}}