{"id":769,"date":"2024-04-04T14:43:27","date_gmt":"2024-04-04T12:43:27","guid":{"rendered":"https:\/\/www.domwest.com\/faq\/?page_id=769"},"modified":"2024-05-29T09:28:47","modified_gmt":"2024-05-29T07:28:47","slug":"connecter-microsoft-outlook-a-mon-agenda","status":"publish","type":"page","link":"https:\/\/www.domwest.com\/faq\/agenda-en-ligne\/connecter-microsoft-outlook-a-mon-agenda\/","title":{"rendered":"Connecter Microsoft Outlook \u00e0 mon agenda"},"content":{"rendered":"<p>Outlook ne g\u00e8re pas les calendrier de type CalDav par d\u00e9faut. Il va falloir ajouter un module gratuit et opensource \u00e0 votre logiciel de messagerie pr\u00e9f\u00e9r\u00e9 afin de rajouter cette fonctionnalit\u00e9. Nous allons passer en revue toutes les \u00e9tapes n\u00e9cessaires \u00e0 sa configuration. Ce guide ne concerne que le service calendrier mis \u00e0 disposition de chaque boite aux lettres h\u00e9berg\u00e9e chez DomWest.<\/p>\n<h2><strong>1 &#8211; T\u00e9l\u00e9charger le module<\/strong><\/h2>\n<p>Connecter vous au site <a title=\"CalDav Synchroniser sur Sourceforge\" href=\"https:\/\/sourceforge.net\/projects\/outlookcaldavsynchronizer\/\" target=\"_blank\" rel=\"noopener\">sourceforge <\/a>et t\u00e9l\u00e9chargez le module en cliquant sur le bouton Download :<\/p>\n<p><a href=\"https:\/\/sourceforge.net\/projects\/outlookcaldavsynchronizer\/\"><img loading=\"lazy\" decoding=\"async\" class=\"alignnone size-full wp-image-776\" src=\"https:\/\/www.domwest.com\/faq\/wp-content\/uploads\/2024\/04\/DomWest_Outlook_agenda_en_ligne_download.png\" alt=\"\" width=\"266\" height=\"62\" \/><\/a><\/p>\n<h2><strong>\u00a02 &#8211; D\u00e9compressez le zip t\u00e9l\u00e9charg\u00e9 et lancez le programme d&rsquo;installation nomm\u00e9 setup.<\/strong><\/h2>\n<p><img loading=\"lazy\" decoding=\"async\" class=\"alignnone size-full wp-image-780\" src=\"https:\/\/www.domwest.com\/faq\/wp-content\/uploads\/2024\/04\/DomWest_Outlook_agenda_en_ligne_download_setup.png\" alt=\"\" width=\"74\" height=\"91\" \/><\/p>\n<h2><strong>3 &#8211; Passez le premier \u00e9cran ci-dessous :<br \/>\n<\/strong><\/h2>\n<p><img loading=\"lazy\" decoding=\"async\" class=\"alignnone size-medium wp-image-784\" src=\"https:\/\/www.domwest.com\/faq\/wp-content\/uploads\/2024\/04\/DomWest_Outlook_agenda_en_ligne_download_setup_ecran1-300x247.png\" alt=\"\" width=\"300\" height=\"247\" srcset=\"https:\/\/www.domwest.com\/faq\/wp-content\/uploads\/2024\/04\/DomWest_Outlook_agenda_en_ligne_download_setup_ecran1-300x247.png 300w, https:\/\/www.domwest.com\/faq\/wp-content\/uploads\/2024\/04\/DomWest_Outlook_agenda_en_ligne_download_setup_ecran1.png 513w\" sizes=\"auto, (max-width: 300px) 100vw, 300px\" \/><\/p>\n<h2><strong>4 &#8211; Laissez le chemin d&rsquo;installation par d\u00e9faut, sp\u00e9cifiez l&rsquo;installation pour tous les utilisateurs de l&rsquo;ordinateur et cliquez sur \u00ab\u00a0Next\u00a0\u00bb<\/strong><\/h2>\n<p><img loading=\"lazy\" decoding=\"async\" class=\"alignnone size-medium wp-image-789\" src=\"https:\/\/www.domwest.com\/faq\/wp-content\/uploads\/2024\/04\/DomWest_Outlook_agenda_en_ligne_download_setup_chemin-300x247.png\" alt=\"\" width=\"300\" height=\"247\" srcset=\"https:\/\/www.domwest.com\/faq\/wp-content\/uploads\/2024\/04\/DomWest_Outlook_agenda_en_ligne_download_setup_chemin-300x247.png 300w, https:\/\/www.domwest.com\/faq\/wp-content\/uploads\/2024\/04\/DomWest_Outlook_agenda_en_ligne_download_setup_chemin.png 513w\" sizes=\"auto, (max-width: 300px) 100vw, 300px\" \/><\/p>\n<h2><strong>5 &#8211; Une fois que l&rsquo;installation termin\u00e9e, cliquez sur \u00ab\u00a0Close\u00a0\u00bb<\/strong><\/h2>\n<p><img loading=\"lazy\" decoding=\"async\" class=\"alignnone size-medium wp-image-792\" src=\"https:\/\/www.domwest.com\/faq\/wp-content\/uploads\/2024\/04\/DomWest_Outlook_agenda_en_ligne_download_setup_close-300x247.png\" alt=\"\" width=\"300\" height=\"247\" srcset=\"https:\/\/www.domwest.com\/faq\/wp-content\/uploads\/2024\/04\/DomWest_Outlook_agenda_en_ligne_download_setup_close-300x247.png 300w, https:\/\/www.domwest.com\/faq\/wp-content\/uploads\/2024\/04\/DomWest_Outlook_agenda_en_ligne_download_setup_close.png 513w\" sizes=\"auto, (max-width: 300px) 100vw, 300px\" \/><\/p>\n<h2><strong>6 &#8211; Lancez Outlook, un nouveau menu apparait :<\/strong><\/h2>\n<p><img loading=\"lazy\" decoding=\"async\" class=\"alignnone size-full wp-image-795\" src=\"https:\/\/www.domwest.com\/faq\/wp-content\/uploads\/2024\/04\/DomWest_Outlook_agenda_en_ligne_outlook_menu_caldav.png\" alt=\"\" width=\"274\" height=\"94\" \/><\/p>\n<h2><strong>7 &#8211; Cliquez dessus puis sur \u00ab\u00a0Synchronization Profiles\u00a0\u00bb<\/strong><\/h2>\n<p><img loading=\"lazy\" decoding=\"async\" class=\"alignnone size-medium wp-image-798\" src=\"https:\/\/www.domwest.com\/faq\/wp-content\/uploads\/2024\/04\/DomWest_Outlook_agenda_en_ligne_download_setup_profile-300x69.png\" alt=\"\" width=\"300\" height=\"69\" srcset=\"https:\/\/www.domwest.com\/faq\/wp-content\/uploads\/2024\/04\/DomWest_Outlook_agenda_en_ligne_download_setup_profile-300x69.png 300w, https:\/\/www.domwest.com\/faq\/wp-content\/uploads\/2024\/04\/DomWest_Outlook_agenda_en_ligne_download_setup_profile.png 584w\" sizes=\"auto, (max-width: 300px) 100vw, 300px\" \/><\/p>\n<h2><strong>8 &#8211; Cliquez sur + pour ajouter votre agenda <\/strong><\/h2>\n<p><img loading=\"lazy\" decoding=\"async\" class=\"alignnone size-full wp-image-802\" src=\"https:\/\/www.domwest.com\/faq\/wp-content\/uploads\/2024\/04\/DomWest_Outlook_agenda_en_ligne_outlook_menu_caldav_plus.png\" alt=\"\" width=\"246\" height=\"95\" \/><\/p>\n<h2><strong>9 &#8211; Conservez le choix par d\u00e9faut ( \u00ab\u00a0G\u00e9n\u00e9ric CalDav\/CardDav\u00a0\u00bb )<\/strong><\/h2>\n<p><img loading=\"lazy\" decoding=\"async\" class=\"alignnone size-medium wp-image-805\" src=\"https:\/\/www.domwest.com\/faq\/wp-content\/uploads\/2024\/04\/DomWest_Outlook_agenda_en_ligne_outlook_generic_caldav-300x132.png\" alt=\"\" width=\"300\" height=\"132\" srcset=\"https:\/\/www.domwest.com\/faq\/wp-content\/uploads\/2024\/04\/DomWest_Outlook_agenda_en_ligne_outlook_generic_caldav-300x132.png 300w, https:\/\/www.domwest.com\/faq\/wp-content\/uploads\/2024\/04\/DomWest_Outlook_agenda_en_ligne_outlook_generic_caldav.png 361w\" sizes=\"auto, (max-width: 300px) 100vw, 300px\" \/><\/p>\n<h2><strong>10 &#8211; Inspirez-vous de la copie d&rsquo;\u00e9cran ci-dessous pour remplir le formulaire<\/strong><\/h2>\n<p><img loading=\"lazy\" decoding=\"async\" class=\"alignnone size-medium wp-image-809\" src=\"https:\/\/www.domwest.com\/faq\/wp-content\/uploads\/2024\/05\/DomWest_Outlook_agenda_en_ligne_download_setup_cloud-300x178.png\" alt=\"\" width=\"300\" height=\"178\" srcset=\"https:\/\/www.domwest.com\/faq\/wp-content\/uploads\/2024\/05\/DomWest_Outlook_agenda_en_ligne_download_setup_cloud-300x178.png 300w, https:\/\/www.domwest.com\/faq\/wp-content\/uploads\/2024\/05\/DomWest_Outlook_agenda_en_ligne_download_setup_cloud.png 628w\" sizes=\"auto, (max-width: 300px) 100vw, 300px\" \/><\/p>\n<p><em><strong>Name<\/strong> <\/em>: Cloud_DomWest<br \/>\n<em><strong>Outlook folders<\/strong><\/em> : Calendrier ( Uniquement cet ordinateur )<br \/>\n<em><strong>DAV Url<\/strong><\/em> : https:\/\/calendrier.domwest.net\/remote.php\/dav\/calendars\/MON_ADRESSE_MAIL\/personal<br \/>\n<em><strong>Username<\/strong> <\/em>: MON_ADRESSE_MAIL<br \/>\n<em><strong>Password<\/strong> <\/em>: le mot de passe de votre boite aux lettres<br \/>\n<em><strong>Email address<\/strong><\/em> : MON_ADRESSE_MAIL<\/p>\n<h2><strong>11 &#8211; F\u00e9licitations, Outlook est maintenant connect\u00e9 \u00e0 votre agenda en ligne. Il suffit de cliquer sur le pictogramme \u00ab\u00a0Calendrier\u00a0\u00bb pour y acc\u00e9der<\/strong><\/h2>\n<p><img loading=\"lazy\" decoding=\"async\" class=\"alignnone size-full wp-image-820\" src=\"https:\/\/www.domwest.com\/faq\/wp-content\/uploads\/2024\/05\/DomWest_Outlook_agenda_en_ligne_outlook_icone_caldav.png\" alt=\"\" width=\"53\" height=\"210\" \/><\/p>\n","protected":false},"excerpt":{"rendered":"<p>Outlook ne g\u00e8re pas les calendrier de type CalDav par d\u00e9faut. Il va falloir ajouter un module gratuit et opensource \u00e0 votre logiciel de messagerie pr\u00e9f\u00e9r\u00e9 afin de rajouter cette fonctionnalit\u00e9. Nous allons passer en revue toutes les \u00e9tapes n\u00e9cessaires \u00e0 sa configuration. Ce guide ne concerne que le service calendrier mis \u00e0 disposition de [&hellip;]<\/p>\n","protected":false},"author":2,"featured_media":0,"parent":766,"menu_order":0,"comment_status":"closed","ping_status":"closed","template":"","meta":{"footnotes":""},"class_list":["post-769","page","type-page","status-publish","hentry"],"_links":{"self":[{"href":"https:\/\/www.domwest.com\/faq\/wp-json\/wp\/v2\/pages\/769","targetHints":{"allow":["GET"]}}],"collection":[{"href":"https:\/\/www.domwest.com\/faq\/wp-json\/wp\/v2\/pages"}],"about":[{"href":"https:\/\/www.domwest.com\/faq\/wp-json\/wp\/v2\/types\/page"}],"author":[{"embeddable":true,"href":"https:\/\/www.domwest.com\/faq\/wp-json\/wp\/v2\/users\/2"}],"replies":[{"embeddable":true,"href":"https:\/\/www.domwest.com\/faq\/wp-json\/wp\/v2\/comments?post=769"}],"version-history":[{"count":41,"href":"https:\/\/www.domwest.com\/faq\/wp-json\/wp\/v2\/pages\/769\/revisions"}],"predecessor-version":[{"id":821,"href":"https:\/\/www.domwest.com\/faq\/wp-json\/wp\/v2\/pages\/769\/revisions\/821"}],"up":[{"embeddable":true,"href":"https:\/\/www.domwest.com\/faq\/wp-json\/wp\/v2\/pages\/766"}],"wp:attachment":[{"href":"https:\/\/www.domwest.com\/faq\/wp-json\/wp\/v2\/media?parent=769"}],"curies":[{"name":"wp","href":"https:\/\/api.w.org\/{rel}","templated":true}]}}