{"id":822,"date":"2024-06-04T10:59:45","date_gmt":"2024-06-04T08:59:45","guid":{"rendered":"https:\/\/www.domwest.com\/faq\/?page_id=822"},"modified":"2024-08-15T13:56:37","modified_gmt":"2024-08-15T11:56:37","slug":"connecter-windows-10-microsoft-a-mon-agenda","status":"publish","type":"page","link":"https:\/\/www.domwest.com\/faq\/agenda-en-ligne\/connecter-windows-10-microsoft-a-mon-agenda\/","title":{"rendered":"Connecter Windows 10 (Microsoft) \u00e0 mon agenda"},"content":{"rendered":"<p>Windows 10 inclut une application qui permet de se connecter \u00e0 un calendrier de type Caldav. Nous allons passer en revue toutes les \u00e9tapes n\u00e9cessaires \u00e0 sa configuration. Ce guide ne concerne que le service calendrier mis \u00e0 disposition de chaque boite aux lettres h\u00e9berg\u00e9e chez DomWest.<\/p>\n<h3><strong>1 &#8211; Cliquez sur le menu D\u00e9marrer de Windows puis sur l&rsquo;ic\u00f4ne Param\u00e8tres<\/strong><\/h3>\n<p><img loading=\"lazy\" decoding=\"async\" class=\"alignnone size-full wp-image-826\" src=\"https:\/\/www.domwest.com\/faq\/wp-content\/uploads\/2024\/06\/Domwest_windows_parametres.png\" alt=\"\" width=\"60\" height=\"155\" \/><\/p>\n<h3><strong>2 &#8211; Cliquez sur \u00ab\u00a0Compte\u00a0\u00bb<\/strong><\/h3>\n<p><img loading=\"lazy\" decoding=\"async\" class=\"alignnone size-full wp-image-830\" src=\"https:\/\/www.domwest.com\/faq\/wp-content\/uploads\/2024\/06\/Domwest_windows_parametres_comptes.png\" alt=\"\" width=\"260\" height=\"91\" \/><\/p>\n<h3><strong>3 &#8211; Choisissez \u00ab\u00a0Compte de messagerie et d&rsquo;application\u00a0\u00bb<\/strong><\/h3>\n<p><img loading=\"lazy\" decoding=\"async\" class=\"alignnone size-medium wp-image-834\" src=\"https:\/\/www.domwest.com\/faq\/wp-content\/uploads\/2024\/06\/Domwest_windows_parametres_comptes_de_messagerie-300x137.png\" alt=\"\" width=\"300\" height=\"137\" srcset=\"https:\/\/www.domwest.com\/faq\/wp-content\/uploads\/2024\/06\/Domwest_windows_parametres_comptes_de_messagerie-300x137.png 300w, https:\/\/www.domwest.com\/faq\/wp-content\/uploads\/2024\/06\/Domwest_windows_parametres_comptes_de_messagerie.png 324w\" sizes=\"auto, (max-width: 300px) 100vw, 300px\" \/><\/p>\n<h3><strong>4\u00a0 S\u00e9lectionnez \u00ab\u00a0Ajouter un compte\u00a0\u00bb<\/strong><\/h3>\n<p><img loading=\"lazy\" decoding=\"async\" class=\"alignnone size-medium wp-image-840\" src=\"https:\/\/www.domwest.com\/faq\/wp-content\/uploads\/2024\/06\/Domwest_windows_parametres_comptes_de_messagerie_ajouter-300x102.png\" alt=\"\" width=\"300\" height=\"102\" srcset=\"https:\/\/www.domwest.com\/faq\/wp-content\/uploads\/2024\/06\/Domwest_windows_parametres_comptes_de_messagerie_ajouter-300x102.png 300w, https:\/\/www.domwest.com\/faq\/wp-content\/uploads\/2024\/06\/Domwest_windows_parametres_comptes_de_messagerie_ajouter.png 516w\" sizes=\"auto, (max-width: 300px) 100vw, 300px\" \/><\/p>\n<p><em>Petite remarque : Microsoft a int\u00e9gr\u00e9 la prise en charge compl\u00e8te de CalDav sous Windows 10 mais limite son utilisation \u00e0 ICloud. Nous allons donc d\u00e9tourner son utilisation pour venir interroger le calendrier fourni avec les boites aux lettres DomWest.<\/em><\/p>\n<h3><strong>5 &#8211; Choisir ICloud<\/strong><\/h3>\n<p><img loading=\"lazy\" decoding=\"async\" class=\"alignnone size-medium wp-image-844\" src=\"https:\/\/www.domwest.com\/faq\/wp-content\/uploads\/2024\/06\/Domwest_windows_parametres_comptes_de_messagerie_icloud-296x300.png\" alt=\"\" width=\"296\" height=\"300\" srcset=\"https:\/\/www.domwest.com\/faq\/wp-content\/uploads\/2024\/06\/Domwest_windows_parametres_comptes_de_messagerie_icloud-296x300.png 296w, https:\/\/www.domwest.com\/faq\/wp-content\/uploads\/2024\/06\/Domwest_windows_parametres_comptes_de_messagerie_icloud.png 472w\" sizes=\"auto, (max-width: 296px) 100vw, 296px\" \/><\/p>\n<h3><strong>6 &#8211; Renseignez le formulaire avec les informations ci-dessous ( bien lire ! )<\/strong><\/h3>\n<p><img loading=\"lazy\" decoding=\"async\" class=\"alignnone size-medium wp-image-847\" src=\"https:\/\/www.domwest.com\/faq\/wp-content\/uploads\/2024\/06\/Domwest_windows_parametres_comptes_de_messagerie_icloud_formulaire-282x300.png\" alt=\"\" width=\"282\" height=\"300\" srcset=\"https:\/\/www.domwest.com\/faq\/wp-content\/uploads\/2024\/06\/Domwest_windows_parametres_comptes_de_messagerie_icloud_formulaire-282x300.png 282w, https:\/\/www.domwest.com\/faq\/wp-content\/uploads\/2024\/06\/Domwest_windows_parametres_comptes_de_messagerie_icloud_formulaire.png 472w\" sizes=\"auto, (max-width: 282px) 100vw, 282px\" \/><\/p>\n<p><strong>Adresse de courrier :<\/strong> indiquez votre adresse mail<br \/>\n<strong>Envoyer vos messages &#8230; :<\/strong> indiquez votre pr\u00e9nom et nom<br \/>\n<strong>Mot de passe<\/strong> : Mettre le mot NIMPORTEQUOI (important!)<\/p>\n<h3><strong>7 &#8211; Validez, votre compte est cr\u00e9\u00e9 au bout de quelques secondes d&rsquo;attente<\/strong><\/h3>\n<p><img loading=\"lazy\" decoding=\"async\" class=\"alignnone size-medium wp-image-853\" src=\"https:\/\/www.domwest.com\/faq\/wp-content\/uploads\/2024\/06\/Domwest_windows_parametres_comptes_de_messagerie_icloud_configure-282x300.png\" alt=\"\" width=\"282\" height=\"300\" srcset=\"https:\/\/www.domwest.com\/faq\/wp-content\/uploads\/2024\/06\/Domwest_windows_parametres_comptes_de_messagerie_icloud_configure-282x300.png 282w, https:\/\/www.domwest.com\/faq\/wp-content\/uploads\/2024\/06\/Domwest_windows_parametres_comptes_de_messagerie_icloud_configure.png 472w\" sizes=\"auto, (max-width: 282px) 100vw, 282px\" \/><\/p>\n<h3><strong>8 &#8211; Cliquez sur le compte que vous venez de cr\u00e9er et cliquez sur \u00ab\u00a0G\u00e9rer\u00a0\u00bb<\/strong><\/h3>\n<p><img loading=\"lazy\" decoding=\"async\" class=\"alignnone size-full wp-image-857\" src=\"https:\/\/www.domwest.com\/faq\/wp-content\/uploads\/2024\/07\/Domwest_windows_parametres_comptes_de_messagerie_icloud_compte.png\" alt=\"\" width=\"220\" height=\"65\" \/><\/p>\n<h3><strong>9 &#8211; Modifiez les informations pour qu&rsquo;elles refl\u00e8tent celle de votre compte mail<br \/>\n<\/strong><\/h3>\n<p><img loading=\"lazy\" decoding=\"async\" class=\"alignnone size-medium wp-image-860\" src=\"https:\/\/www.domwest.com\/faq\/wp-content\/uploads\/2024\/07\/Domwest_windows_parametres_comptes_de_messagerie_icloud_detail-219x300.png\" alt=\"\" width=\"219\" height=\"300\" srcset=\"https:\/\/www.domwest.com\/faq\/wp-content\/uploads\/2024\/07\/Domwest_windows_parametres_comptes_de_messagerie_icloud_detail-219x300.png 219w, https:\/\/www.domwest.com\/faq\/wp-content\/uploads\/2024\/07\/Domwest_windows_parametres_comptes_de_messagerie_icloud_detail.png 472w\" sizes=\"auto, (max-width: 219px) 100vw, 219px\" \/><\/p>\n<p><strong>Nom utilisateur<\/strong> : votre adresse mail<br \/>\n<strong>Mot de passe<\/strong> : indiquez le mot de passe de votre boite aux lettres DomWest<br \/>\n<strong>Nom du compte<\/strong> : Personnalisez son nom ( Cloud_DomWest par exemple )<\/p>\n<p>Cliquez ensuite sur \u00ab\u00a0<strong>Modifier les param\u00e8tres de synchronisation<\/strong>&#8230;\u00a0\u00bb<\/p>\n<h3>10 &#8211; N&rsquo;activez que les services dont vous avez besoin<\/h3>\n<p><img loading=\"lazy\" decoding=\"async\" class=\"alignnone size-full wp-image-870\" src=\"https:\/\/www.domwest.com\/faq\/wp-content\/uploads\/2024\/07\/Domwest_windows_parametres_comptes_de_messagerie_services.png\" alt=\"\" width=\"289\" height=\"287\" srcset=\"https:\/\/www.domwest.com\/faq\/wp-content\/uploads\/2024\/07\/Domwest_windows_parametres_comptes_de_messagerie_services.png 289w, https:\/\/www.domwest.com\/faq\/wp-content\/uploads\/2024\/07\/Domwest_windows_parametres_comptes_de_messagerie_services-150x150.png 150w\" sizes=\"auto, (max-width: 289px) 100vw, 289px\" \/><\/p>\n<p>D\u00e9sactivez \u00ab\u00a0Messagerie \u00e9lectronique\u00a0\u00bb si vous n&rsquo;utilisez pas Windows 10 pour lire vos mails.<br \/>\nD\u00e9sactivez \u00ab\u00a0Contact\u00a0\u00bb si vous n&rsquo;utilisez pas Windows 10 pour g\u00e9rer vos contacts.<\/p>\n<h3><strong>11 &#8211; Cliquez sur \u00ab\u00a0Param\u00e8tres avanc\u00e9s de bo\u00eete aux lettres\u00a0\u00bb<\/strong><\/h3>\n<p><img loading=\"lazy\" decoding=\"async\" class=\"alignnone size-medium wp-image-876\" src=\"https:\/\/www.domwest.com\/faq\/wp-content\/uploads\/2024\/07\/Domwest_windows_caldav_parametres_avances-300x86.png\" alt=\"\" width=\"300\" height=\"86\" srcset=\"https:\/\/www.domwest.com\/faq\/wp-content\/uploads\/2024\/07\/Domwest_windows_caldav_parametres_avances-300x86.png 300w, https:\/\/www.domwest.com\/faq\/wp-content\/uploads\/2024\/07\/Domwest_windows_caldav_parametres_avances.png 440w\" sizes=\"auto, (max-width: 300px) 100vw, 300px\" \/><\/p>\n<h3><strong> 12 &#8211; Renseignez les adresses de DomWest<\/strong><\/h3>\n<p><img loading=\"lazy\" decoding=\"async\" class=\"alignnone size-medium wp-image-880\" src=\"https:\/\/www.domwest.com\/faq\/wp-content\/uploads\/2024\/08\/Domwest_windows_caldav_parametres_synchro-219x300.png\" alt=\"\" width=\"219\" height=\"300\" srcset=\"https:\/\/www.domwest.com\/faq\/wp-content\/uploads\/2024\/08\/Domwest_windows_caldav_parametres_synchro-219x300.png 219w, https:\/\/www.domwest.com\/faq\/wp-content\/uploads\/2024\/08\/Domwest_windows_caldav_parametres_synchro.png 472w\" sizes=\"auto, (max-width: 219px) 100vw, 219px\" \/><\/p>\n<p><strong>Serveur de messagerie entrant<\/strong> : imap.domwest.net<br \/>\n<strong>Serveur de messagerie sortant<\/strong> : smtp.domwest.net<br \/>\n<strong>Le serveur sortant requiert une authentification<\/strong> : cocher<br \/>\n<strong>Utiliser le m\u00eame nom d&rsquo;utilisateur et mot de passe&#8230;<\/strong> : cocher<br \/>\n<strong>Serveur de contacts<\/strong> : <a href=\"https:\/\/calendrier.domwest.net\/remote.php\/dav\/\">https:\/\/calendrier.domwest.net\/remote.php\/dav\/<\/a><br \/>\n<strong>Serveur de calendrier<\/strong> : <a href=\"https:\/\/calendrier.domwest.net\/remote.php\/dav\/\">https:\/\/calendrier.domwest.net\/remote.php\/dav\/<\/a><\/p>\n<h3><strong>F\u00e9licitations, votre calendrier est maintenant configur\u00e9.<\/strong><\/h3>\n<p>Astuce : cliquez sur l&rsquo;heure dans la barre de taches pour acc\u00e9der rapidement \u00e0 votre agenda Windows 10 :<\/p>\n<p><img loading=\"lazy\" decoding=\"async\" class=\"alignnone size-medium wp-image-892\" src=\"https:\/\/www.domwest.com\/faq\/wp-content\/uploads\/2024\/08\/Domwest_windows_caldav_parametres_windows10-144x300.png\" alt=\"\" width=\"144\" height=\"300\" srcset=\"https:\/\/www.domwest.com\/faq\/wp-content\/uploads\/2024\/08\/Domwest_windows_caldav_parametres_windows10-144x300.png 144w, https:\/\/www.domwest.com\/faq\/wp-content\/uploads\/2024\/08\/Domwest_windows_caldav_parametres_windows10.png 373w\" sizes=\"auto, (max-width: 144px) 100vw, 144px\" \/><\/p>\n","protected":false},"excerpt":{"rendered":"<p>Windows 10 inclut une application qui permet de se connecter \u00e0 un calendrier de type Caldav. Nous allons passer en revue toutes les \u00e9tapes n\u00e9cessaires \u00e0 sa configuration. Ce guide ne concerne que le service calendrier mis \u00e0 disposition de chaque boite aux lettres h\u00e9berg\u00e9e chez DomWest. 1 &#8211; Cliquez sur le menu D\u00e9marrer de [&hellip;]<\/p>\n","protected":false},"author":2,"featured_media":0,"parent":766,"menu_order":0,"comment_status":"closed","ping_status":"closed","template":"","meta":{"footnotes":""},"class_list":["post-822","page","type-page","status-publish","hentry"],"_links":{"self":[{"href":"https:\/\/www.domwest.com\/faq\/wp-json\/wp\/v2\/pages\/822","targetHints":{"allow":["GET"]}}],"collection":[{"href":"https:\/\/www.domwest.com\/faq\/wp-json\/wp\/v2\/pages"}],"about":[{"href":"https:\/\/www.domwest.com\/faq\/wp-json\/wp\/v2\/types\/page"}],"author":[{"embeddable":true,"href":"https:\/\/www.domwest.com\/faq\/wp-json\/wp\/v2\/users\/2"}],"replies":[{"embeddable":true,"href":"https:\/\/www.domwest.com\/faq\/wp-json\/wp\/v2\/comments?post=822"}],"version-history":[{"count":57,"href":"https:\/\/www.domwest.com\/faq\/wp-json\/wp\/v2\/pages\/822\/revisions"}],"predecessor-version":[{"id":893,"href":"https:\/\/www.domwest.com\/faq\/wp-json\/wp\/v2\/pages\/822\/revisions\/893"}],"up":[{"embeddable":true,"href":"https:\/\/www.domwest.com\/faq\/wp-json\/wp\/v2\/pages\/766"}],"wp:attachment":[{"href":"https:\/\/www.domwest.com\/faq\/wp-json\/wp\/v2\/media?parent=822"}],"curies":[{"name":"wp","href":"https:\/\/api.w.org\/{rel}","templated":true}]}}