{"id":897,"date":"2024-10-14T12:12:08","date_gmt":"2024-10-14T10:12:08","guid":{"rendered":"https:\/\/www.domwest.com\/faq\/?page_id=897"},"modified":"2025-03-15T10:59:45","modified_gmt":"2025-03-15T09:59:45","slug":"configurer-gmail-google","status":"publish","type":"page","link":"https:\/\/www.domwest.com\/faq\/messagerie\/logiciels-de-messagerie-emails\/configurer-gmail-google\/","title":{"rendered":"Configurer GMail (Google)."},"content":{"rendered":"<p>Si vous souhaitez que Google acc\u00e8de \u00e0 votre correspondance, vous pouvez configurer GMail comme client de messagerie.<\/p>\n<h2>1 &#8211; Connectez-vous \u00e0 GMail<\/h2>\n<p><a href=\"https:\/\/mail.google.com\/\" target=\"_blank\" rel=\"noopener\">https:\/\/mail.google.com\/<\/a><\/p>\n<h2>2 &#8211; Cliquez sur Param\u00e8tres<\/h2>\n<p><img loading=\"lazy\" decoding=\"async\" class=\"alignnone size-full wp-image-904\" src=\"https:\/\/www.domwest.com\/faq\/wp-content\/uploads\/2024\/10\/DomWest_Gmail_Bouton_Parametres.png\" alt=\"\" width=\"207\" height=\"63\" \/><\/p>\n<h2>3 &#8211; Cliquez sur \u00ab\u00a0Voir tous les param\u00e8tres\u00a0\u00bb<\/h2>\n<p><img loading=\"lazy\" decoding=\"async\" class=\"alignnone size-medium wp-image-910\" src=\"https:\/\/www.domwest.com\/faq\/wp-content\/uploads\/2024\/10\/DomWest_Gmail_Bouton_Voir_tous_les_parametres-300x136.png\" alt=\"\" width=\"300\" height=\"136\" srcset=\"https:\/\/www.domwest.com\/faq\/wp-content\/uploads\/2024\/10\/DomWest_Gmail_Bouton_Voir_tous_les_parametres-300x136.png 300w, https:\/\/www.domwest.com\/faq\/wp-content\/uploads\/2024\/10\/DomWest_Gmail_Bouton_Voir_tous_les_parametres.png 393w\" sizes=\"auto, (max-width: 300px) 100vw, 300px\" \/><\/p>\n<h2>4 &#8211; Cliquez sur \u00ab\u00a0Comptes et importation\u00a0\u00bb<\/h2>\n<p><img loading=\"lazy\" decoding=\"async\" class=\"alignnone size-medium wp-image-915\" src=\"https:\/\/www.domwest.com\/faq\/wp-content\/uploads\/2024\/10\/DomWest_Gmail_Bouton_les_parametres_compte_et_importation-300x72.png\" alt=\"\" width=\"300\" height=\"72\" srcset=\"https:\/\/www.domwest.com\/faq\/wp-content\/uploads\/2024\/10\/DomWest_Gmail_Bouton_les_parametres_compte_et_importation-300x72.png 300w, https:\/\/www.domwest.com\/faq\/wp-content\/uploads\/2024\/10\/DomWest_Gmail_Bouton_les_parametres_compte_et_importation.png 548w\" sizes=\"auto, (max-width: 300px) 100vw, 300px\" \/><\/p>\n<h2>5 &#8211; Choisissez \u00ab\u00a0Ajouter un compte de messagerie\u00a0\u00bb<\/h2>\n<p><img loading=\"lazy\" decoding=\"async\" class=\"alignnone size-medium wp-image-933\" src=\"https:\/\/www.domwest.com\/faq\/wp-content\/uploads\/2024\/11\/DomWest_Gmail_Bouton_les_parametres_ajouter_compte_messagrie-300x60.png\" alt=\"\" width=\"300\" height=\"60\" srcset=\"https:\/\/www.domwest.com\/faq\/wp-content\/uploads\/2024\/11\/DomWest_Gmail_Bouton_les_parametres_ajouter_compte_messagrie-300x60.png 300w, https:\/\/www.domwest.com\/faq\/wp-content\/uploads\/2024\/11\/DomWest_Gmail_Bouton_les_parametres_ajouter_compte_messagrie.png 604w\" sizes=\"auto, (max-width: 300px) 100vw, 300px\" \/><\/p>\n<p>Une nouvelle fen\u00eatre appara\u00eet.<\/p>\n<h2>6 &#8211; Renseignez l&rsquo;adresse mail que vous souhaitez associer \u00e0 GMail puis \u00ab\u00a0Suivant\u00a0\u00bb<\/h2>\n<p><img loading=\"lazy\" decoding=\"async\" class=\"alignnone size-medium wp-image-937\" src=\"https:\/\/www.domwest.com\/faq\/wp-content\/uploads\/2024\/11\/DomWest_Gmail_popup_adresse_mail-300x126.png\" alt=\"\" width=\"300\" height=\"126\" srcset=\"https:\/\/www.domwest.com\/faq\/wp-content\/uploads\/2024\/11\/DomWest_Gmail_popup_adresse_mail-300x126.png 300w, https:\/\/www.domwest.com\/faq\/wp-content\/uploads\/2024\/11\/DomWest_Gmail_popup_adresse_mail.png 399w\" sizes=\"auto, (max-width: 300px) 100vw, 300px\" \/><\/p>\n<h2>7- Conservez \u00ab\u00a0Importer les e-mails de mon autre compte (POP3)\u00a0\u00bb, puis cliquez sur \u00ab\u00a0Suivant\u00a0\u00bb<\/h2>\n<p><img loading=\"lazy\" decoding=\"async\" class=\"alignnone size-medium wp-image-941\" src=\"https:\/\/www.domwest.com\/faq\/wp-content\/uploads\/2024\/11\/DomWest_Gmail_popup_adresse_mail_pop-300x124.png\" alt=\"\" width=\"300\" height=\"124\" srcset=\"https:\/\/www.domwest.com\/faq\/wp-content\/uploads\/2024\/11\/DomWest_Gmail_popup_adresse_mail_pop-300x124.png 300w, https:\/\/www.domwest.com\/faq\/wp-content\/uploads\/2024\/11\/DomWest_Gmail_popup_adresse_mail_pop.png 544w\" sizes=\"auto, (max-width: 300px) 100vw, 300px\" \/><\/p>\n<h2>8 &#8211; Compl\u00e9tez le formulaire propos\u00e9 puis cliquez sur \u00ab\u00a0Ajouter un compte\u00a0\u00bb<\/h2>\n<p><img loading=\"lazy\" decoding=\"async\" class=\"alignnone size-medium wp-image-945\" src=\"https:\/\/www.domwest.com\/faq\/wp-content\/uploads\/2024\/11\/DomWest_Gmail_popup_adresse_mail_pop_compte-300x197.png\" alt=\"\" width=\"300\" height=\"197\" srcset=\"https:\/\/www.domwest.com\/faq\/wp-content\/uploads\/2024\/11\/DomWest_Gmail_popup_adresse_mail_pop_compte-300x197.png 300w, https:\/\/www.domwest.com\/faq\/wp-content\/uploads\/2024\/11\/DomWest_Gmail_popup_adresse_mail_pop_compte-90x60.png 90w, https:\/\/www.domwest.com\/faq\/wp-content\/uploads\/2024\/11\/DomWest_Gmail_popup_adresse_mail_pop_compte.png 547w\" sizes=\"auto, (max-width: 300px) 100vw, 300px\" \/><\/p>\n<p><strong>Nom d&rsquo;utilisateur :<\/strong> indiquez votre adresse mail ( moi@domaine.fr dans notre exemple).<br \/>\n<strong>Mot de passe<\/strong> : Indiquez le mot de passe de votre boite aux lettres.<br \/>\n<strong>Serveur Pop<\/strong> : pop.domwest.net<\/p>\n<h2>9 &#8211; Cocher \u00ab\u00a0Oui, j&rsquo;aimerais envoyer des e-mails&#8230;\u00a0\u00bb<\/h2>\n<p><img loading=\"lazy\" decoding=\"async\" class=\"alignnone size-medium wp-image-952\" src=\"https:\/\/www.domwest.com\/faq\/wp-content\/uploads\/2024\/11\/DomWest_Gmail_popup_adresse_mail_pop_envoyer-300x121.png\" alt=\"\" width=\"300\" height=\"121\" srcset=\"https:\/\/www.domwest.com\/faq\/wp-content\/uploads\/2024\/11\/DomWest_Gmail_popup_adresse_mail_pop_envoyer-300x121.png 300w, https:\/\/www.domwest.com\/faq\/wp-content\/uploads\/2024\/11\/DomWest_Gmail_popup_adresse_mail_pop_envoyer.png 566w\" sizes=\"auto, (max-width: 300px) 100vw, 300px\" \/><\/p>\n<h2>10 &#8211; Indiquez votre pr\u00e9nom et nom.<\/h2>\n<p><img loading=\"lazy\" decoding=\"async\" class=\"alignnone size-medium wp-image-956\" src=\"https:\/\/www.domwest.com\/faq\/wp-content\/uploads\/2024\/11\/DomWest_Gmail_popup_adresse_mail_pop_compte_prenom_nom-300x162.png\" alt=\"\" width=\"300\" height=\"162\" srcset=\"https:\/\/www.domwest.com\/faq\/wp-content\/uploads\/2024\/11\/DomWest_Gmail_popup_adresse_mail_pop_compte_prenom_nom-300x162.png 300w, https:\/\/www.domwest.com\/faq\/wp-content\/uploads\/2024\/11\/DomWest_Gmail_popup_adresse_mail_pop_compte_prenom_nom.png 438w\" sizes=\"auto, (max-width: 300px) 100vw, 300px\" \/><\/p>\n<h2>11 &#8211; Compl\u00e9tez le formulaire propos\u00e9 puis cliquez sur \u00ab\u00a0Ajouter un compte\u00a0\u00bb<\/h2>\n<p><img loading=\"lazy\" decoding=\"async\" class=\"alignnone size-medium wp-image-960\" src=\"https:\/\/www.domwest.com\/faq\/wp-content\/uploads\/2024\/11\/DomWest_Gmail_popup_adresse_mail_smtp_compte-300x181.png\" alt=\"\" width=\"300\" height=\"181\" srcset=\"https:\/\/www.domwest.com\/faq\/wp-content\/uploads\/2024\/11\/DomWest_Gmail_popup_adresse_mail_smtp_compte-300x181.png 300w, https:\/\/www.domwest.com\/faq\/wp-content\/uploads\/2024\/11\/DomWest_Gmail_popup_adresse_mail_smtp_compte.png 497w\" sizes=\"auto, (max-width: 300px) 100vw, 300px\" \/><\/p>\n<h2>12- La proc\u00e9dure est termin\u00e9e. Vous pouvez cliquer sur \u00ab\u00a0Fermer la fen\u00eatre\u00a0\u00bb<\/h2>\n<p><img loading=\"lazy\" decoding=\"async\" class=\"alignnone size-medium wp-image-964\" src=\"https:\/\/www.domwest.com\/faq\/wp-content\/uploads\/2024\/12\/DomWest_Gmail_popup_confirmation-300x116.png\" alt=\"\" width=\"300\" height=\"116\" srcset=\"https:\/\/www.domwest.com\/faq\/wp-content\/uploads\/2024\/12\/DomWest_Gmail_popup_confirmation-300x116.png 300w, https:\/\/www.domwest.com\/faq\/wp-content\/uploads\/2024\/12\/DomWest_Gmail_popup_confirmation.png 570w\" sizes=\"auto, (max-width: 300px) 100vw, 300px\" \/><\/p>\n<p>Il ne vous reste plus qu&rsquo;\u00e0 confirmer votre demande en cliquant sur le lien pr\u00e9sent dans le mail que vous adresse Google.<\/p>\n","protected":false},"excerpt":{"rendered":"<p>Si vous souhaitez que Google acc\u00e8de \u00e0 votre correspondance, vous pouvez configurer GMail comme client de messagerie. 1 &#8211; Connectez-vous \u00e0 GMail https:\/\/mail.google.com\/ 2 &#8211; Cliquez sur Param\u00e8tres 3 &#8211; Cliquez sur \u00ab\u00a0Voir tous les param\u00e8tres\u00a0\u00bb 4 &#8211; Cliquez sur \u00ab\u00a0Comptes et importation\u00a0\u00bb 5 &#8211; Choisissez \u00ab\u00a0Ajouter un compte de messagerie\u00a0\u00bb Une nouvelle fen\u00eatre appara\u00eet. [&hellip;]<\/p>\n","protected":false},"author":2,"featured_media":0,"parent":545,"menu_order":0,"comment_status":"closed","ping_status":"closed","template":"","meta":{"footnotes":""},"class_list":["post-897","page","type-page","status-publish","hentry"],"_links":{"self":[{"href":"https:\/\/www.domwest.com\/faq\/wp-json\/wp\/v2\/pages\/897","targetHints":{"allow":["GET"]}}],"collection":[{"href":"https:\/\/www.domwest.com\/faq\/wp-json\/wp\/v2\/pages"}],"about":[{"href":"https:\/\/www.domwest.com\/faq\/wp-json\/wp\/v2\/types\/page"}],"author":[{"embeddable":true,"href":"https:\/\/www.domwest.com\/faq\/wp-json\/wp\/v2\/users\/2"}],"replies":[{"embeddable":true,"href":"https:\/\/www.domwest.com\/faq\/wp-json\/wp\/v2\/comments?post=897"}],"version-history":[{"count":54,"href":"https:\/\/www.domwest.com\/faq\/wp-json\/wp\/v2\/pages\/897\/revisions"}],"predecessor-version":[{"id":966,"href":"https:\/\/www.domwest.com\/faq\/wp-json\/wp\/v2\/pages\/897\/revisions\/966"}],"up":[{"embeddable":true,"href":"https:\/\/www.domwest.com\/faq\/wp-json\/wp\/v2\/pages\/545"}],"wp:attachment":[{"href":"https:\/\/www.domwest.com\/faq\/wp-json\/wp\/v2\/media?parent=897"}],"curies":[{"name":"wp","href":"https:\/\/api.w.org\/{rel}","templated":true}]}}